{"id":5643,"date":"2019-08-19T18:18:38","date_gmt":"2019-08-19T16:18:38","guid":{"rendered":"https:\/\/www.daumas-gassac.com\/privacy-cookie-policy\/"},"modified":"2019-08-19T18:18:38","modified_gmt":"2019-08-19T16:18:38","slug":"privacy-cookie-policy-2","status":"publish","type":"page","link":"https:\/\/www.daumas-gassac.com\/fr\/privacy-cookie-policy-2\/","title":{"rendered":"Politique de confidentialit\u00e9 des cookies"},"content":{"rendered":"\t\t<div data-elementor-type=\"wp-post\" data-elementor-id=\"5643\" class=\"elementor elementor-5643\" data-elementor-post-type=\"page\">\n\t\t\t\t\t\t<section class=\"elementor-section elementor-top-section elementor-element elementor-element-8d5613f chapeau elementor-section-boxed elementor-section-height-default elementor-section-height-default elementor-invisible\" data-id=\"8d5613f\" data-element_type=\"section\" data-e-type=\"section\" data-settings=\"{&quot;animation&quot;:&quot;fadeInUp&quot;}\">\n\t\t\t\t\t\t<div class=\"elementor-container elementor-column-gap-no\">\n\t\t\t\t\t<div class=\"elementor-column elementor-col-100 elementor-top-column elementor-element elementor-element-e31f374\" data-id=\"e31f374\" data-element_type=\"column\" data-e-type=\"column\">\n\t\t\t<div class=\"elementor-widget-wrap elementor-element-populated\">\n\t\t\t\t\t\t<div class=\"elementor-element elementor-element-4f6e468 title1 elementor-widget elementor-widget-heading\" data-id=\"4f6e468\" data-element_type=\"widget\" data-e-type=\"widget\" data-widget_type=\"heading.default\">\n\t\t\t\t<div class=\"elementor-widget-container\">\n\t\t\t\t\t<h1 class=\"elementor-heading-title elementor-size-default\">Politique de confidentialit\u00e9 des cookies<\/h1>\t\t\t\t<\/div>\n\t\t\t\t<\/div>\n\t\t\t\t\t<\/div>\n\t\t<\/div>\n\t\t\t\t\t<\/div>\n\t\t<\/section>\n\t\t\t\t<section class=\"elementor-section elementor-top-section elementor-element elementor-element-0b89a5c elementor-section-boxed elementor-section-height-default elementor-section-height-default\" data-id=\"0b89a5c\" data-element_type=\"section\" data-e-type=\"section\">\n\t\t\t\t\t\t<div class=\"elementor-container elementor-column-gap-default\">\n\t\t\t\t\t<div class=\"elementor-column elementor-col-100 elementor-top-column elementor-element elementor-element-e2aa8dc\" data-id=\"e2aa8dc\" data-element_type=\"column\" data-e-type=\"column\">\n\t\t\t<div class=\"elementor-widget-wrap elementor-element-populated\">\n\t\t\t\t\t\t<div class=\"elementor-element elementor-element-a1e152d elementor-widget elementor-widget-text-editor\" data-id=\"a1e152d\" data-element_type=\"widget\" data-e-type=\"widget\" data-widget_type=\"text-editor.default\">\n\t\t\t\t<div class=\"elementor-widget-container\">\n\t\t\t\t\t\t\t\t\t<p style=\"text-align: center;\">Le site internet www.daumas-gassac.com est \u00e9dit\u00e9 par la soci\u00e9t\u00e9 SAS MOULIN DE GASSAC, cr\u00e9\u00e9 par VELSYA et h\u00e9berg\u00e9 en France.<\/p>\n<p style=\"text-align: center;\">Mas de Daumas Gassac fait tout son possible pour mettre \u00e0 disposition l\u2019ensemble des informations v\u00e9rifi\u00e9es, mais sa responsabilit\u00e9 ne peut \u00eatre engag\u00e9e en cas d\u2019informations erron\u00e9es ou par manque d\u2019acc\u00e8s \u00e0 des fonctionnalit\u00e9s du site.<\/p>\n<p style=\"text-align: center;\"><strong>1. L\u2019\u00e9tendue de cette politique<\/strong><\/p>\n<p style=\"text-align: center;\">Nous avons r\u00e9dig\u00e9 cette politique de confidentialit\u00e9 pour vous informer que :<\/p>\n<p style=\"text-align: center;\">&#8211; nous collectons des donn\u00e9es personnelles,<\/p>\n<p style=\"text-align: center;\">&#8211; que nous les conservons dans un but pr\u00e9cis,<\/p>\n<p style=\"text-align: center;\">&#8211; que nous les conservons jusqu\u2019\u00e0 ne plus avoir votre consentement,<\/p>\n<p style=\"text-align: center;\">&#8211; que nous ne les partageons pas,<\/p>\n<p style=\"text-align: center;\">&#8211; de quels sont vos droits en tant que personnes concern\u00e9es,<\/p>\n<p style=\"text-align: center;\">&#8211; et comment vous pouvez nous contacter pour toute question.<\/p>\n<p style=\"text-align: center;\">En utilisant nos services, vous reconnaissez accepter les termes de la pr\u00e9sente politique de confidentialit\u00e9.<\/p>\n<p style=\"text-align: center;\"><strong>2. Quelles donn\u00e9es personnelles collectons-nous ?<\/strong><\/p>\n<p style=\"text-align: center;\">En r\u00e8gle g\u00e9n\u00e9rale, Mas de Daumas Gassac ne collecte que les donn\u00e9es \u00e0 caract\u00e8re personnel qui sont strictement n\u00e9cessaires pour communiquer avec ses abonn\u00e9s et pour garantir leur acc\u00e8s aux bases de donn\u00e9es r\u00e9glementaires et statistiques. Cela peut inclure les cat\u00e9gories suivantes:<\/p>\n<p style=\"text-align: center;\">Donn\u00e9es personnelles : titre, nom, pr\u00e9nom, adresse, num\u00e9ro de t\u00e9l\u00e9phone, adresse de courrier \u00e9lectronique, soci\u00e9t\u00e9, fonction professionnelle, etc.<\/p>\n<p style=\"text-align: center;\">D\u00e9tails de la connexion: identifiant, mot de passe, autorisation, adresse IP, enregistrement de la connexion, donn\u00e9es de localisation, etc.<\/p>\n<p style=\"text-align: center;\"><strong>3. Pourquoi recueillons-nous vos donn\u00e9es personnelles ?<\/strong><\/p>\n<p style=\"text-align: center;\">Nous recueillons et traitons vos donn\u00e9es personnelles afin de:<\/p>\n<p style=\"text-align: center;\">&#8211; Tenir \u00e0 jour la base de donn\u00e9es des membres et des abonn\u00e9s,<\/p>\n<p style=\"text-align: center;\">&#8211; Vous envoyer des informations et des documents pertinents,<\/p>\n<p style=\"text-align: center;\">&#8211; Vous contacter pour vous inviter \u00e0 des r\u00e9unions et des \u00e9v\u00e9nements susceptibles de vous int\u00e9resser,<\/p>\n<p style=\"text-align: center;\">&#8211; Vous assurer un acc\u00e8s permanent \u00e0 toutes les informations pertinentes pour lesquelles vous avez le droit d&rsquo;acc\u00e9der<\/p>\n<p style=\"text-align: center;\"><strong>4. Combien de temps conservons-nous vos donn\u00e9es personnelles ?<\/strong><\/p>\n<p style=\"text-align: center;\">Nous conservons vos donn\u00e9es personnelles pendant le temps n\u00e9cessaire pour accomplir notre mission. Nous effa\u00e7ons les donn\u00e9es qui ne nous sont plus utiles.<\/p>\n<p style=\"text-align: center;\">Lorsque vous nous envoyez un e-mail, nous utilisons uniquement votre adresse e-mail pour g\u00e9rer votre demande et y r\u00e9pondre, et nous ne l&rsquo;utilisons pas \u00e0 d&rsquo;autres fins.<\/p>\n<p style=\"text-align: center;\">Vous pouvez nous demander de supprimer vos donn\u00e9es personnelles \u00e0 tout moment (voir vos droits au point 7). Toutefois, cela pourrait vous emp\u00eacher d\u2019avoir acc\u00e8s aux informations fournies par le Mas de Daumas Gassac.<\/p>\n<p style=\"text-align: center;\"><strong>5. Transf\u00e9rons-nous vos donn\u00e9es personnelles ?<\/strong><\/p>\n<p style=\"text-align: center;\">Nous ne vendons, n&rsquo;\u00e9changeons ni ne louons vos donn\u00e9es personnelles. Ces donn\u00e9es ne sont accessibles qu&rsquo;aux personnes accr\u00e9dit\u00e9es pour \u00e9diter et g\u00e9rer le site web www.daumas-gassac.com.<\/p>\n<p style=\"text-align: center;\">Si nous devions transf\u00e9rer vos donn\u00e9es personnelles hors de l&rsquo;UE, nous nous assurerions que le destinataire pr\u00e9sente les garanties appropri\u00e9es d&rsquo;un niveau de protection des donn\u00e9es suffisant.<\/p>\n<p style=\"text-align: center;\">En cas de litige, nous nous engageons \u00e0 favoriser le dialogue et sommes ouverts \u00e0 la recherche d&rsquo;une solution \u00e0 l\u2019amiable.<\/p>\n<p style=\"text-align: center;\"><strong>6. Utilisons-nous des cookies sur notre site Web ?<\/strong><\/p>\n<p style=\"text-align: center;\">Le site www.daumas-gassac.com utilise des cookies afin de faciliter et d&rsquo;am\u00e9liorer votre navigation. Ces cookies peuvent \u00eatre de natures diff\u00e9rentes, telles que:<\/p>\n<p style=\"text-align: center;\">&#8211; Les cookies de s\u00e9curit\u00e9, pour assurer votre authentification et vous permettre une navigation fluide sur le site,<\/p>\n<p style=\"text-align: center;\">&#8211; Les cookies de pr\u00e9f\u00e9rence, pour vous permettre d\u2019enregistrer vos pr\u00e9f\u00e9rences et d\u2019acc\u00e9der rapidement aux informations que vous recherchez fr\u00e9quemment,<\/p>\n<p style=\"text-align: center;\">&#8211; Les cookies \u00ab analytiques \u00bb, pour collecter des informations et g\u00e9n\u00e9rer des rapports statistiques sur le trafic du site, afin d\u2019am\u00e9liorer nos services et le confort de navigation,<\/p>\n<p style=\"text-align: center;\">Vous pouvez refuser l&rsquo;utilisation de cookies en acc\u00e9dant \u00e0 notre site Web. Toutefois, cela peut affecter votre exp\u00e9rience de navigation et vous emp\u00eacher d&rsquo;acc\u00e9der \u00e0 certaines fonctionnalit\u00e9s.<\/p>\n<p style=\"text-align: center;\"><strong>7. Quels sont vos droits ?<\/strong><\/p>\n<p style=\"text-align: center;\">Conform\u00e9ment \u00e0 la r\u00e9glementation applicable en mati\u00e8re de traitement des donn\u00e9es personnelles, vous disposez des droits suivants:<\/p>\n<p style=\"text-align: center;\">&#8211; Droit d&rsquo;\u00eatre inform\u00e9 des finalit\u00e9s du traitement et de l&rsquo;identit\u00e9 du responsable du traitement<\/p>\n<p style=\"text-align: center;\">&#8211; Droit d&rsquo;acc\u00e8s et de v\u00e9rification des donn\u00e9es: vous pouvez, \u00e0 tout moment, avoir acc\u00e8s aux donn\u00e9es personnelles que le Mas de Daumas Gassac d\u00e9tient sur vous et v\u00e9rifier si vous \u00eates inclus dans sa base de donn\u00e9es.<\/p>\n<p style=\"text-align: center;\">&#8211; Droit d&rsquo;opposition : vous pouvez, \u00e0 tout moment, vous opposer \u00e0 l&rsquo;utilisation de vos donn\u00e9es personnelles par le Mas de Daumas Gassac, en nous adressant une demande par courrier.<\/p>\n<p style=\"text-align: center;\">&#8211; Droit de r\u00e9vocation et \/ ou de modification: vous pouvez, \u00e0 tout moment, informer le Mas de Daumas Gassac des corrections de vos donn\u00e9es personnelles et, le cas \u00e9ch\u00e9ant, demander la suppression de sa base de donn\u00e9es, \u00e0 l&rsquo;exception de celles que nous avons l&rsquo;obligation l\u00e9gale de conserver.<\/p>\n<p style=\"text-align: center;\">&#8211; Droit de limitation du traitement : vous pouvez notamment obtenir une limitation du traitement de l\u2019information lorsque vous y \u00eates oppos\u00e9s, lorsque vous contestez l&rsquo;exactitude des donn\u00e9es ou lorsque vous consid\u00e9rez que le traitement est ill\u00e9gal.<\/p>\n<p style=\"text-align: center;\">Pour exercer les droits susmentionn\u00e9s, vous \u00eates invit\u00e9s \u00e0 nous adresser une demande \u00e9crite, accompagn\u00e9e d&rsquo;une copie de sa carte d&rsquo;identit\u00e9 ou de son passeport, au responsable du traitement:<\/p>\n<p style=\"text-align: center;\">Par courrier \u00e9lectronique \u00e0 prives@daumas-gassac.com, en indiquant \u00abPolitique de confidentialit\u00e9\u00bb comme sujet de votre message.<\/p>\n<p style=\"text-align: center;\">Par courrier au Mas de Daumas Gassac &#8211; Haute Vall\u00e9e du Gassac &#8211; 34150 Aniane &#8211; France<\/p>\n<p style=\"text-align: center;\">Nous prendrons alors les mesures n\u00e9cessaires pour satisfaire cette demande dans les d\u00e9lais les plus brefs.<\/p>\n\t\t\t\t\t\t\t\t<\/div>\n\t\t\t\t<\/div>\n\t\t\t\t\t<\/div>\n\t\t<\/div>\n\t\t\t\t\t<\/div>\n\t\t<\/section>\n\t\t\t\t<\/div>\n\t\t","protected":false},"excerpt":{"rendered":"<p>Le site internet www.daumas-gassac.com est \u00e9dit\u00e9 par la soci\u00e9t\u00e9 SAS MOULIN DE GASSAC, cr\u00e9\u00e9 par VELSYA et h\u00e9berg\u00e9 en France. Mas de Daumas Gassac fait tout son possible pour mettre \u00e0 disposition l\u2019ensemble des informations v\u00e9rifi\u00e9es, mais sa responsabilit\u00e9 ne peut \u00eatre engag\u00e9e en cas d\u2019informations erron\u00e9es ou par manque d\u2019acc\u00e8s \u00e0 des fonctionnalit\u00e9s du [&hellip;]<\/p>\n","protected":false},"author":7,"featured_media":0,"parent":0,"menu_order":0,"comment_status":"closed","ping_status":"open","template":"","meta":{"_acf_changed":false,"footnotes":""},"categories":[],"class_list":["post-5643","page","type-page","status-publish","hentry"],"acf":[],"yoast_head":"<!-- This site is optimized with the Yoast SEO plugin v27.0 - https:\/\/yoast.com\/product\/yoast-seo-wordpress\/ -->\n<title>Politique de confidentialit\u00e9 des cookies - Daumas Gassac<\/title>\n<meta name=\"robots\" content=\"index, follow, max-snippet:-1, max-image-preview:large, max-video-preview:-1\" \/>\n<link rel=\"canonical\" href=\"https:\/\/www.daumas-gassac.com\/fr\/privacy-cookie-policy-2\/\" \/>\n<meta property=\"og:locale\" content=\"fr_FR\" \/>\n<meta property=\"og:type\" content=\"article\" \/>\n<meta property=\"og:title\" content=\"Politique de confidentialit\u00e9 des cookies - Daumas Gassac\" \/>\n<meta property=\"og:description\" content=\"Le site internet www.daumas-gassac.com est \u00e9dit\u00e9 par la soci\u00e9t\u00e9 SAS MOULIN DE GASSAC, cr\u00e9\u00e9 par VELSYA et h\u00e9berg\u00e9 en France. Mas de Daumas Gassac fait tout son possible pour mettre \u00e0 disposition l\u2019ensemble des informations v\u00e9rifi\u00e9es, mais sa responsabilit\u00e9 ne peut \u00eatre engag\u00e9e en cas d\u2019informations erron\u00e9es ou par manque d\u2019acc\u00e8s \u00e0 des fonctionnalit\u00e9s du [&hellip;]\" \/>\n<meta property=\"og:url\" content=\"https:\/\/www.daumas-gassac.com\/fr\/privacy-cookie-policy-2\/\" \/>\n<meta property=\"og:site_name\" content=\"Daumas Gassac\" \/>\n<meta name=\"twitter:card\" content=\"summary_large_image\" \/>\n<meta name=\"twitter:label1\" content=\"Dur\u00e9e de lecture estim\u00e9e\" \/>\n\t<meta name=\"twitter:data1\" content=\"5 minutes\" \/>\n<script type=\"application\/ld+json\" class=\"yoast-schema-graph\">{\"@context\":\"https:\/\/schema.org\",\"@graph\":[{\"@type\":\"WebPage\",\"@id\":\"https:\/\/www.daumas-gassac.com\/fr\/privacy-cookie-policy-2\/\",\"url\":\"https:\/\/www.daumas-gassac.com\/fr\/privacy-cookie-policy-2\/\",\"name\":\"Politique de confidentialit\u00e9 des cookies - Daumas Gassac\",\"isPartOf\":{\"@id\":\"https:\/\/www.daumas-gassac.com\/fr\/#website\"},\"datePublished\":\"2019-08-19T16:18:38+00:00\",\"breadcrumb\":{\"@id\":\"https:\/\/www.daumas-gassac.com\/fr\/privacy-cookie-policy-2\/#breadcrumb\"},\"inLanguage\":\"fr-FR\",\"potentialAction\":[{\"@type\":\"ReadAction\",\"target\":[\"https:\/\/www.daumas-gassac.com\/fr\/privacy-cookie-policy-2\/\"]}]},{\"@type\":\"BreadcrumbList\",\"@id\":\"https:\/\/www.daumas-gassac.com\/fr\/privacy-cookie-policy-2\/#breadcrumb\",\"itemListElement\":[{\"@type\":\"ListItem\",\"position\":1,\"name\":\"Accueil\",\"item\":\"https:\/\/www.daumas-gassac.com\/fr\/\"},{\"@type\":\"ListItem\",\"position\":2,\"name\":\"Politique de confidentialit\u00e9 des cookies\"}]},{\"@type\":\"WebSite\",\"@id\":\"https:\/\/www.daumas-gassac.com\/fr\/#website\",\"url\":\"https:\/\/www.daumas-gassac.com\/fr\/\",\"name\":\"Daumas Gassac\",\"description\":\"\",\"potentialAction\":[{\"@type\":\"SearchAction\",\"target\":{\"@type\":\"EntryPoint\",\"urlTemplate\":\"https:\/\/www.daumas-gassac.com\/fr\/?s={search_term_string}\"},\"query-input\":{\"@type\":\"PropertyValueSpecification\",\"valueRequired\":true,\"valueName\":\"search_term_string\"}}],\"inLanguage\":\"fr-FR\"}]}<\/script>\n<!-- \/ Yoast SEO plugin. -->","yoast_head_json":{"title":"Politique de confidentialit\u00e9 des cookies - Daumas Gassac","robots":{"index":"index","follow":"follow","max-snippet":"max-snippet:-1","max-image-preview":"max-image-preview:large","max-video-preview":"max-video-preview:-1"},"canonical":"https:\/\/www.daumas-gassac.com\/fr\/privacy-cookie-policy-2\/","og_locale":"fr_FR","og_type":"article","og_title":"Politique de confidentialit\u00e9 des cookies - Daumas Gassac","og_description":"Le site internet www.daumas-gassac.com est \u00e9dit\u00e9 par la soci\u00e9t\u00e9 SAS MOULIN DE GASSAC, cr\u00e9\u00e9 par VELSYA et h\u00e9berg\u00e9 en France. Mas de Daumas Gassac fait tout son possible pour mettre \u00e0 disposition l\u2019ensemble des informations v\u00e9rifi\u00e9es, mais sa responsabilit\u00e9 ne peut \u00eatre engag\u00e9e en cas d\u2019informations erron\u00e9es ou par manque d\u2019acc\u00e8s \u00e0 des fonctionnalit\u00e9s du [&hellip;]","og_url":"https:\/\/www.daumas-gassac.com\/fr\/privacy-cookie-policy-2\/","og_site_name":"Daumas Gassac","twitter_card":"summary_large_image","twitter_misc":{"Dur\u00e9e de lecture estim\u00e9e":"5 minutes"},"schema":{"@context":"https:\/\/schema.org","@graph":[{"@type":"WebPage","@id":"https:\/\/www.daumas-gassac.com\/fr\/privacy-cookie-policy-2\/","url":"https:\/\/www.daumas-gassac.com\/fr\/privacy-cookie-policy-2\/","name":"Politique de confidentialit\u00e9 des cookies - Daumas Gassac","isPartOf":{"@id":"https:\/\/www.daumas-gassac.com\/fr\/#website"},"datePublished":"2019-08-19T16:18:38+00:00","breadcrumb":{"@id":"https:\/\/www.daumas-gassac.com\/fr\/privacy-cookie-policy-2\/#breadcrumb"},"inLanguage":"fr-FR","potentialAction":[{"@type":"ReadAction","target":["https:\/\/www.daumas-gassac.com\/fr\/privacy-cookie-policy-2\/"]}]},{"@type":"BreadcrumbList","@id":"https:\/\/www.daumas-gassac.com\/fr\/privacy-cookie-policy-2\/#breadcrumb","itemListElement":[{"@type":"ListItem","position":1,"name":"Accueil","item":"https:\/\/www.daumas-gassac.com\/fr\/"},{"@type":"ListItem","position":2,"name":"Politique de confidentialit\u00e9 des cookies"}]},{"@type":"WebSite","@id":"https:\/\/www.daumas-gassac.com\/fr\/#website","url":"https:\/\/www.daumas-gassac.com\/fr\/","name":"Daumas Gassac","description":"","potentialAction":[{"@type":"SearchAction","target":{"@type":"EntryPoint","urlTemplate":"https:\/\/www.daumas-gassac.com\/fr\/?s={search_term_string}"},"query-input":{"@type":"PropertyValueSpecification","valueRequired":true,"valueName":"search_term_string"}}],"inLanguage":"fr-FR"}]}},"_links":{"self":[{"href":"https:\/\/www.daumas-gassac.com\/fr\/wp-json\/wp\/v2\/pages\/5643","targetHints":{"allow":["GET"]}}],"collection":[{"href":"https:\/\/www.daumas-gassac.com\/fr\/wp-json\/wp\/v2\/pages"}],"about":[{"href":"https:\/\/www.daumas-gassac.com\/fr\/wp-json\/wp\/v2\/types\/page"}],"author":[{"embeddable":true,"href":"https:\/\/www.daumas-gassac.com\/fr\/wp-json\/wp\/v2\/users\/7"}],"replies":[{"embeddable":true,"href":"https:\/\/www.daumas-gassac.com\/fr\/wp-json\/wp\/v2\/comments?post=5643"}],"version-history":[{"count":0,"href":"https:\/\/www.daumas-gassac.com\/fr\/wp-json\/wp\/v2\/pages\/5643\/revisions"}],"wp:attachment":[{"href":"https:\/\/www.daumas-gassac.com\/fr\/wp-json\/wp\/v2\/media?parent=5643"}],"wp:term":[{"taxonomy":"category","embeddable":true,"href":"https:\/\/www.daumas-gassac.com\/fr\/wp-json\/wp\/v2\/categories?post=5643"}],"curies":[{"name":"wp","href":"https:\/\/api.w.org\/{rel}","templated":true}]}}