{"id":31875,"date":"2023-07-26T14:46:29","date_gmt":"2023-07-26T12:46:29","guid":{"rendered":"https:\/\/dev4.velsya.fr\/dev-daumas-gassac-2023\/?page_id=31875"},"modified":"2025-05-30T16:45:13","modified_gmt":"2025-05-30T14:45:13","slug":"merci-2","status":"publish","type":"page","link":"https:\/\/www.daumas-gassac.com\/fr\/merci-2\/","title":{"rendered":"Merci"},"content":{"rendered":"\t\t<div data-elementor-type=\"wp-page\" data-elementor-id=\"31875\" class=\"elementor elementor-31875\" data-elementor-post-type=\"page\">\n\t\t\t\t<div class=\"elementor-element elementor-element-a98d12a e-flex e-con-boxed e-con e-parent\" data-id=\"a98d12a\" data-element_type=\"container\" data-e-type=\"container\">\n\t\t\t\t\t<div class=\"e-con-inner\">\n\t\t<div class=\"elementor-element elementor-element-208b0f9 e-flex e-con-boxed e-con e-child\" data-id=\"208b0f9\" data-element_type=\"container\" data-e-type=\"container\" data-settings=\"{&quot;background_background&quot;:&quot;classic&quot;}\">\n\t\t\t\t\t<div class=\"e-con-inner\">\n\t\t\t\t\t<\/div>\n\t\t\t\t<\/div>\n\t\t<div class=\"elementor-element elementor-element-2430b8e e-con-full e-flex e-con e-child\" data-id=\"2430b8e\" data-element_type=\"container\" data-e-type=\"container\" data-settings=\"{&quot;background_background&quot;:&quot;classic&quot;}\">\n\t\t\t\t<div class=\"elementor-element elementor-element-320ac6c elementor-widget elementor-widget-heading\" data-id=\"320ac6c\" data-element_type=\"widget\" data-e-type=\"widget\" data-widget_type=\"heading.default\">\n\t\t\t\t<div class=\"elementor-widget-container\">\n\t\t\t\t\t<h1 class=\"elementor-heading-title elementor-size-default\">MERCI<\/h1>\t\t\t\t<\/div>\n\t\t\t\t<\/div>\n\t\t\t\t<div class=\"elementor-element elementor-element-bcaa8b8 elementor-widget-divider--view-line elementor-widget elementor-widget-divider\" data-id=\"bcaa8b8\" data-element_type=\"widget\" data-e-type=\"widget\" data-widget_type=\"divider.default\">\n\t\t\t\t<div class=\"elementor-widget-container\">\n\t\t\t\t\t\t\t<div class=\"elementor-divider\">\n\t\t\t<span class=\"elementor-divider-separator\">\n\t\t\t\t\t\t<\/span>\n\t\t<\/div>\n\t\t\t\t\t\t<\/div>\n\t\t\t\t<\/div>\n\t\t\t\t<div class=\"elementor-element elementor-element-2c0d3f7 elementor-widget elementor-widget-text-editor\" data-id=\"2c0d3f7\" data-element_type=\"widget\" data-e-type=\"widget\" data-widget_type=\"text-editor.default\">\n\t\t\t\t<div class=\"elementor-widget-container\">\n\t\t\t\t\t\t\t\t\t<p>Votre message a bien \u00e9t\u00e9 pris en compte. Nous vous remercions pour l\u2019int\u00e9r\u00eat que vous portez au domaine.\u00a0<\/p><p>Nous reviendrons vers vous soit par email, soit par t\u00e9l\u00e9phone.<\/p>\t\t\t\t\t\t\t\t<\/div>\n\t\t\t\t<\/div>\n\t\t\t\t<div class=\"elementor-element elementor-element-4606f11 elementor-align-center elementor-widget elementor-widget-button\" data-id=\"4606f11\" data-element_type=\"widget\" data-e-type=\"widget\" data-widget_type=\"button.default\">\n\t\t\t\t<div class=\"elementor-widget-container\">\n\t\t\t\t\t\t\t\t\t<div class=\"elementor-button-wrapper\">\n\t\t\t\t\t<a class=\"elementor-button elementor-button-link elementor-size-sm\" href=\"https:\/\/www.daumas-gassac.com\/fr\/\">\n\t\t\t\t\t\t<span class=\"elementor-button-content-wrapper\">\n\t\t\t\t\t\t\t\t\t<span class=\"elementor-button-text\">Retour \u00e0 la page d'accueil<\/span>\n\t\t\t\t\t<\/span>\n\t\t\t\t\t<\/a>\n\t\t\t\t<\/div>\n\t\t\t\t\t\t\t\t<\/div>\n\t\t\t\t<\/div>\n\t\t\t\t<\/div>\n\t\t\t\t\t<\/div>\n\t\t\t\t<\/div>\n\t\t\t\t<\/div>\n\t\t","protected":false},"excerpt":{"rendered":"<p>MERCI Votre message a bien \u00e9t\u00e9 pris en compte. Nous vous remercions pour l\u2019int\u00e9r\u00eat que vous portez au domaine.\u00a0 Nous reviendrons vers vous soit par email, soit par t\u00e9l\u00e9phone. Retour \u00e0 la page d&rsquo;accueil<\/p>\n","protected":false},"author":3,"featured_media":0,"parent":0,"menu_order":0,"comment_status":"closed","ping_status":"closed","template":"","meta":{"_acf_changed":false,"footnotes":""},"categories":[],"class_list":["post-31875","page","type-page","status-publish","hentry"],"acf":[],"yoast_head":"<!-- This site is optimized with the Yoast SEO plugin v27.0 - https:\/\/yoast.com\/product\/yoast-seo-wordpress\/ -->\n<title>Merci - Daumas Gassac<\/title>\n<meta name=\"robots\" content=\"index, follow, max-snippet:-1, max-image-preview:large, max-video-preview:-1\" \/>\n<link rel=\"canonical\" href=\"https:\/\/www.daumas-gassac.com\/fr\/merci-2\/\" \/>\n<meta property=\"og:locale\" content=\"fr_FR\" \/>\n<meta property=\"og:type\" content=\"article\" \/>\n<meta property=\"og:title\" content=\"Merci - Daumas Gassac\" \/>\n<meta property=\"og:description\" content=\"MERCI Votre message a bien \u00e9t\u00e9 pris en compte. Nous vous remercions pour l\u2019int\u00e9r\u00eat que vous portez au domaine.\u00a0 Nous reviendrons vers vous soit par email, soit par t\u00e9l\u00e9phone. Retour \u00e0 la page d&rsquo;accueil\" \/>\n<meta property=\"og:url\" content=\"https:\/\/www.daumas-gassac.com\/fr\/merci-2\/\" \/>\n<meta property=\"og:site_name\" content=\"Daumas Gassac\" \/>\n<meta property=\"article:modified_time\" content=\"2025-05-30T14:45:13+00:00\" \/>\n<meta name=\"twitter:card\" content=\"summary_large_image\" \/>\n<meta name=\"twitter:label1\" content=\"Dur\u00e9e de lecture estim\u00e9e\" \/>\n\t<meta name=\"twitter:data1\" content=\"1 minute\" \/>\n<script type=\"application\/ld+json\" class=\"yoast-schema-graph\">{\"@context\":\"https:\/\/schema.org\",\"@graph\":[{\"@type\":\"WebPage\",\"@id\":\"https:\/\/www.daumas-gassac.com\/fr\/merci-2\/\",\"url\":\"https:\/\/www.daumas-gassac.com\/fr\/merci-2\/\",\"name\":\"Merci - Daumas Gassac\",\"isPartOf\":{\"@id\":\"https:\/\/www.daumas-gassac.com\/fr\/#website\"},\"datePublished\":\"2023-07-26T12:46:29+00:00\",\"dateModified\":\"2025-05-30T14:45:13+00:00\",\"breadcrumb\":{\"@id\":\"https:\/\/www.daumas-gassac.com\/fr\/merci-2\/#breadcrumb\"},\"inLanguage\":\"fr-FR\",\"potentialAction\":[{\"@type\":\"ReadAction\",\"target\":[\"https:\/\/www.daumas-gassac.com\/fr\/merci-2\/\"]}]},{\"@type\":\"BreadcrumbList\",\"@id\":\"https:\/\/www.daumas-gassac.com\/fr\/merci-2\/#breadcrumb\",\"itemListElement\":[{\"@type\":\"ListItem\",\"position\":1,\"name\":\"Accueil\",\"item\":\"https:\/\/www.daumas-gassac.com\/fr\/\"},{\"@type\":\"ListItem\",\"position\":2,\"name\":\"Merci\"}]},{\"@type\":\"WebSite\",\"@id\":\"https:\/\/www.daumas-gassac.com\/fr\/#website\",\"url\":\"https:\/\/www.daumas-gassac.com\/fr\/\",\"name\":\"Daumas Gassac\",\"description\":\"\",\"potentialAction\":[{\"@type\":\"SearchAction\",\"target\":{\"@type\":\"EntryPoint\",\"urlTemplate\":\"https:\/\/www.daumas-gassac.com\/fr\/?s={search_term_string}\"},\"query-input\":{\"@type\":\"PropertyValueSpecification\",\"valueRequired\":true,\"valueName\":\"search_term_string\"}}],\"inLanguage\":\"fr-FR\"}]}<\/script>\n<!-- \/ Yoast SEO plugin. -->","yoast_head_json":{"title":"Merci - Daumas Gassac","robots":{"index":"index","follow":"follow","max-snippet":"max-snippet:-1","max-image-preview":"max-image-preview:large","max-video-preview":"max-video-preview:-1"},"canonical":"https:\/\/www.daumas-gassac.com\/fr\/merci-2\/","og_locale":"fr_FR","og_type":"article","og_title":"Merci - Daumas Gassac","og_description":"MERCI Votre message a bien \u00e9t\u00e9 pris en compte. Nous vous remercions pour l\u2019int\u00e9r\u00eat que vous portez au domaine.\u00a0 Nous reviendrons vers vous soit par email, soit par t\u00e9l\u00e9phone. Retour \u00e0 la page d&rsquo;accueil","og_url":"https:\/\/www.daumas-gassac.com\/fr\/merci-2\/","og_site_name":"Daumas Gassac","article_modified_time":"2025-05-30T14:45:13+00:00","twitter_card":"summary_large_image","twitter_misc":{"Dur\u00e9e de lecture estim\u00e9e":"1 minute"},"schema":{"@context":"https:\/\/schema.org","@graph":[{"@type":"WebPage","@id":"https:\/\/www.daumas-gassac.com\/fr\/merci-2\/","url":"https:\/\/www.daumas-gassac.com\/fr\/merci-2\/","name":"Merci - Daumas Gassac","isPartOf":{"@id":"https:\/\/www.daumas-gassac.com\/fr\/#website"},"datePublished":"2023-07-26T12:46:29+00:00","dateModified":"2025-05-30T14:45:13+00:00","breadcrumb":{"@id":"https:\/\/www.daumas-gassac.com\/fr\/merci-2\/#breadcrumb"},"inLanguage":"fr-FR","potentialAction":[{"@type":"ReadAction","target":["https:\/\/www.daumas-gassac.com\/fr\/merci-2\/"]}]},{"@type":"BreadcrumbList","@id":"https:\/\/www.daumas-gassac.com\/fr\/merci-2\/#breadcrumb","itemListElement":[{"@type":"ListItem","position":1,"name":"Accueil","item":"https:\/\/www.daumas-gassac.com\/fr\/"},{"@type":"ListItem","position":2,"name":"Merci"}]},{"@type":"WebSite","@id":"https:\/\/www.daumas-gassac.com\/fr\/#website","url":"https:\/\/www.daumas-gassac.com\/fr\/","name":"Daumas Gassac","description":"","potentialAction":[{"@type":"SearchAction","target":{"@type":"EntryPoint","urlTemplate":"https:\/\/www.daumas-gassac.com\/fr\/?s={search_term_string}"},"query-input":{"@type":"PropertyValueSpecification","valueRequired":true,"valueName":"search_term_string"}}],"inLanguage":"fr-FR"}]}},"_links":{"self":[{"href":"https:\/\/www.daumas-gassac.com\/fr\/wp-json\/wp\/v2\/pages\/31875","targetHints":{"allow":["GET"]}}],"collection":[{"href":"https:\/\/www.daumas-gassac.com\/fr\/wp-json\/wp\/v2\/pages"}],"about":[{"href":"https:\/\/www.daumas-gassac.com\/fr\/wp-json\/wp\/v2\/types\/page"}],"author":[{"embeddable":true,"href":"https:\/\/www.daumas-gassac.com\/fr\/wp-json\/wp\/v2\/users\/3"}],"replies":[{"embeddable":true,"href":"https:\/\/www.daumas-gassac.com\/fr\/wp-json\/wp\/v2\/comments?post=31875"}],"version-history":[{"count":13,"href":"https:\/\/www.daumas-gassac.com\/fr\/wp-json\/wp\/v2\/pages\/31875\/revisions"}],"predecessor-version":[{"id":40778,"href":"https:\/\/www.daumas-gassac.com\/fr\/wp-json\/wp\/v2\/pages\/31875\/revisions\/40778"}],"wp:attachment":[{"href":"https:\/\/www.daumas-gassac.com\/fr\/wp-json\/wp\/v2\/media?parent=31875"}],"wp:term":[{"taxonomy":"category","embeddable":true,"href":"https:\/\/www.daumas-gassac.com\/fr\/wp-json\/wp\/v2\/categories?post=31875"}],"curies":[{"name":"wp","href":"https:\/\/api.w.org\/{rel}","templated":true}]}}