{"id":3180,"date":"2019-07-31T17:25:01","date_gmt":"2019-07-31T15:25:01","guid":{"rendered":"https:\/\/www.daumas-gassac.com\/our-actions\/"},"modified":"2019-07-31T17:25:01","modified_gmt":"2019-07-31T15:25:01","slug":"our-actions","status":"publish","type":"page","link":"https:\/\/www.daumas-gassac.com\/fr\/our-actions\/","title":{"rendered":"Nos actions"},"content":{"rendered":"\t\t<div data-elementor-type=\"wp-post\" data-elementor-id=\"3180\" class=\"elementor elementor-3180\" data-elementor-post-type=\"page\">\n\t\t\t\t\t\t<section class=\"elementor-section elementor-top-section elementor-element elementor-element-969edfd chapeau elementor-section-boxed elementor-section-height-default elementor-section-height-default elementor-invisible\" data-id=\"969edfd\" data-element_type=\"section\" data-e-type=\"section\" data-settings=\"{&quot;animation&quot;:&quot;fadeInUp&quot;}\">\n\t\t\t\t\t\t<div class=\"elementor-container elementor-column-gap-no\">\n\t\t\t\t\t<div class=\"elementor-column elementor-col-100 elementor-top-column elementor-element elementor-element-f18e6f7\" data-id=\"f18e6f7\" data-element_type=\"column\" data-e-type=\"column\">\n\t\t\t<div class=\"elementor-widget-wrap elementor-element-populated\">\n\t\t\t\t\t\t<div class=\"elementor-element elementor-element-838709c title1 elementor-widget elementor-widget-heading\" data-id=\"838709c\" data-element_type=\"widget\" data-e-type=\"widget\" data-widget_type=\"heading.default\">\n\t\t\t\t<div class=\"elementor-widget-container\">\n\t\t\t\t\t<div class=\"elementor-heading-title elementor-size-default\">\u00c9v\u00e8nements<\/div>\t\t\t\t<\/div>\n\t\t\t\t<\/div>\n\t\t\t\t<div class=\"elementor-element elementor-element-e5ab8d2 title2 elementor-widget elementor-widget-heading\" data-id=\"e5ab8d2\" data-element_type=\"widget\" data-e-type=\"widget\" data-widget_type=\"heading.default\">\n\t\t\t\t<div class=\"elementor-widget-container\">\n\t\t\t\t\t<div class=\"elementor-heading-title elementor-size-default\">Nos actions<\/div>\t\t\t\t<\/div>\n\t\t\t\t<\/div>\n\t\t\t\t\t<\/div>\n\t\t<\/div>\n\t\t\t\t\t<\/div>\n\t\t<\/section>\n\t\t\t\t<section class=\"elementor-section elementor-top-section elementor-element elementor-element-ffb3749 elementor-section-boxed elementor-section-height-default elementor-section-height-default\" data-id=\"ffb3749\" data-element_type=\"section\" data-e-type=\"section\">\n\t\t\t\t\t\t<div class=\"elementor-container elementor-column-gap-default\">\n\t\t\t\t\t<div class=\"elementor-column elementor-col-100 elementor-top-column elementor-element elementor-element-6a0b4fe\" data-id=\"6a0b4fe\" data-element_type=\"column\" data-e-type=\"column\">\n\t\t\t<div class=\"elementor-widget-wrap elementor-element-populated\">\n\t\t\t\t\t\t<div class=\"elementor-element elementor-element-8acc07c elementor-widget elementor-widget-text-editor\" data-id=\"8acc07c\" data-element_type=\"widget\" data-e-type=\"widget\" data-widget_type=\"text-editor.default\">\n\t\t\t\t<div class=\"elementor-widget-container\">\n\t\t\t\t\t\t\t\t\t<p>Par nos actions et nos engagements, nous agissons en faveur d\u2019\u00e9v\u00e8nements culturels, artistiques ou \u0153nologiques qui nous ressemblent et avec lesquels nous sommes en empathie. \u00c2 travers ces diff\u00e9rentes participations, nous tenons aussi \u00e0 rester en \u00e9veil sur ce qu\u2019il se passe en dehors de nos terres et de nous en nourrir au quotidien.<\/p>\n\t\t\t\t\t\t\t\t<\/div>\n\t\t\t\t<\/div>\n\t\t\t\t\t<\/div>\n\t\t<\/div>\n\t\t\t\t\t<\/div>\n\t\t<\/section>\n\t\t\t\t<section class=\"elementor-section elementor-top-section elementor-element elementor-element-d1e766f elementor-section-boxed elementor-section-height-default elementor-section-height-default\" data-id=\"d1e766f\" data-element_type=\"section\" data-e-type=\"section\">\n\t\t\t\t\t\t<div class=\"elementor-container elementor-column-gap-default\">\n\t\t\t\t\t<div class=\"elementor-column elementor-col-100 elementor-top-column elementor-element elementor-element-190787c\" data-id=\"190787c\" data-element_type=\"column\" data-e-type=\"column\">\n\t\t\t<div class=\"elementor-widget-wrap elementor-element-populated\">\n\t\t\t\t\t\t<div class=\"elementor-element elementor-element-9eae3bd elementor-nav-menu__align-center inner-menu elementor-nav-menu--dropdown-tablet elementor-nav-menu__text-align-aside elementor-widget elementor-widget-nav-menu\" data-id=\"9eae3bd\" data-element_type=\"widget\" data-e-type=\"widget\" data-settings=\"{&quot;layout&quot;:&quot;horizontal&quot;,&quot;submenu_icon&quot;:{&quot;value&quot;:&quot;&lt;i class=\\&quot;fas fa-caret-down\\&quot; aria-hidden=\\&quot;true\\&quot;&gt;&lt;\\\/i&gt;&quot;,&quot;library&quot;:&quot;fa-solid&quot;}}\" data-widget_type=\"nav-menu.default\">\n\t\t\t\t<div class=\"elementor-widget-container\">\n\t\t\t\t\t\t\t\t<nav aria-label=\"Menu\" class=\"elementor-nav-menu--main elementor-nav-menu__container elementor-nav-menu--layout-horizontal e--pointer-underline e--animation-fade\">\n\t\t\t\t<ul id=\"menu-1-9eae3bd\" class=\"elementor-nav-menu\"><li class=\"menu-item menu-item-type-custom menu-item-object-custom menu-item-40342\"><a href=\"https:\/\/www.daumas-gassac.com\/fr\/atelier-guibert\/#philosophie\" class=\"elementor-item elementor-item-anchor\">Philosophie<\/a><\/li>\n<li class=\"menu-item menu-item-type-custom menu-item-object-custom menu-item-40343\"><a href=\"https:\/\/www.daumas-gassac.com\/fr\/atelier-guibert\/#sols\" class=\"elementor-item elementor-item-anchor\">Sols &#038; terroir<\/a><\/li>\n<li class=\"menu-item menu-item-type-custom menu-item-object-custom menu-item-42907\"><a href=\"https:\/\/www.daumas-gassac.com\/fr\/atelier-guibert\/#vins-millesimes\" class=\"elementor-item elementor-item-anchor\">Vins &#038; Mill\u00e9simes<\/a><\/li>\n<\/ul>\t\t\t<\/nav>\n\t\t\t\t\t\t<nav class=\"elementor-nav-menu--dropdown elementor-nav-menu__container\" aria-hidden=\"true\">\n\t\t\t\t<ul id=\"menu-2-9eae3bd\" class=\"elementor-nav-menu\"><li class=\"menu-item menu-item-type-custom menu-item-object-custom menu-item-40342\"><a href=\"https:\/\/www.daumas-gassac.com\/fr\/atelier-guibert\/#philosophie\" class=\"elementor-item elementor-item-anchor\" tabindex=\"-1\">Philosophie<\/a><\/li>\n<li class=\"menu-item menu-item-type-custom menu-item-object-custom menu-item-40343\"><a href=\"https:\/\/www.daumas-gassac.com\/fr\/atelier-guibert\/#sols\" class=\"elementor-item elementor-item-anchor\" tabindex=\"-1\">Sols &#038; terroir<\/a><\/li>\n<li class=\"menu-item menu-item-type-custom menu-item-object-custom menu-item-42907\"><a href=\"https:\/\/www.daumas-gassac.com\/fr\/atelier-guibert\/#vins-millesimes\" class=\"elementor-item elementor-item-anchor\" tabindex=\"-1\">Vins &#038; Mill\u00e9simes<\/a><\/li>\n<\/ul>\t\t\t<\/nav>\n\t\t\t\t\t\t<\/div>\n\t\t\t\t<\/div>\n\t\t\t\t\t<\/div>\n\t\t<\/div>\n\t\t\t\t\t<\/div>\n\t\t<\/section>\n\t\t\t\t<section class=\"elementor-section elementor-top-section elementor-element elementor-element-6222ccd elementor-section-content-top fiche-millesime elementor-section-boxed elementor-section-height-default elementor-section-height-default\" data-id=\"6222ccd\" data-element_type=\"section\" data-e-type=\"section\">\n\t\t\t\t\t\t<div class=\"elementor-container elementor-column-gap-default\">\n\t\t\t\t\t<div class=\"elementor-column elementor-col-33 elementor-top-column elementor-element elementor-element-a9de733\" data-id=\"a9de733\" data-element_type=\"column\" data-e-type=\"column\">\n\t\t\t<div class=\"elementor-widget-wrap elementor-element-populated\">\n\t\t\t\t\t\t<div class=\"elementor-element elementor-element-c60fed9 elementor--h-position-center elementor--v-position-middle elementor-arrows-position-inside elementor-pagination-position-inside elementor-widget elementor-widget-slides\" data-id=\"c60fed9\" data-element_type=\"widget\" data-e-type=\"widget\" data-settings=\"{&quot;navigation&quot;:&quot;both&quot;,&quot;autoplay&quot;:&quot;yes&quot;,&quot;pause_on_hover&quot;:&quot;yes&quot;,&quot;pause_on_interaction&quot;:&quot;yes&quot;,&quot;autoplay_speed&quot;:5000,&quot;infinite&quot;:&quot;yes&quot;,&quot;transition&quot;:&quot;slide&quot;,&quot;transition_speed&quot;:500}\" data-widget_type=\"slides.default\">\n\t\t\t\t<div class=\"elementor-widget-container\">\n\t\t\t\t\t\t\t\t\t<div class=\"elementor-swiper\">\n\t\t\t\t\t<div class=\"elementor-slides-wrapper elementor-main-swiper swiper\" role=\"region\" aria-roledescription=\"carousel\" aria-label=\"Diapositives\" dir=\"ltr\" data-animation=\"fadeInUp\">\n\t\t\t\t<div class=\"swiper-wrapper elementor-slides\">\n\t\t\t\t\t\t\t\t\t\t<div class=\"elementor-repeater-item-36f1630 swiper-slide\" role=\"group\" aria-roledescription=\"slide\"><div class=\"swiper-slide-bg\" role=\"img\" aria-label=\"\"><\/div><a class=\"swiper-slide-inner\" href=\"https:\/\/www.festivaldesvinsdaniane.com\/\" target=\"_blank\"><div class=\"swiper-slide-contents\"><div class=\"elementor-slide-heading\">Festival des vins d'Aniane<\/div><div class=\"elementor-slide-description\">\u00c9dition 2022<\/div><div  class=\"elementor-button elementor-slide-button elementor-size-sm\">Plus d'infos<\/div><\/div><\/a><\/div><div class=\"elementor-repeater-item-0ce8850 swiper-slide\" role=\"group\" aria-roledescription=\"slide\"><div class=\"swiper-slide-bg\" role=\"img\" aria-label=\"\"><\/div><a class=\"swiper-slide-inner\" href=\"https:\/\/www.saintguilhem-valleeherault.fr\/\"><div class=\"swiper-slide-contents\"><div class=\"elementor-slide-heading\">Pont du Diable<\/div><div class=\"elementor-slide-description\">Site class\u00e9 au Patrimoine Mondial de l\u2019Humanit\u00e9 par l\u2019UNESCO<\/div><div  class=\"elementor-button elementor-slide-button elementor-size-sm\">Plus d'infos<\/div><\/div><\/a><\/div><div class=\"elementor-repeater-item-6fdbd05 swiper-slide\" role=\"group\" aria-roledescription=\"slide\"><div class=\"swiper-slide-bg\" role=\"img\" aria-label=\"\"><\/div><a class=\"swiper-slide-inner\" href=\"http:\/\/www.amisdestguilhem.fr\/\"><div class=\"swiper-slide-contents\"><div class=\"elementor-slide-heading\">Concert<\/div><div class=\"elementor-slide-description\">Saison musicale des Amis de St Guilhem le D\u00e9sert<\/div><div  class=\"elementor-button elementor-slide-button elementor-size-sm\">Plus d'infos<\/div><\/div><\/a><\/div><div class=\"elementor-repeater-item-c73ffbb swiper-slide\" role=\"group\" aria-roledescription=\"slide\"><div class=\"swiper-slide-bg\" role=\"img\" aria-label=\"\"><\/div><a class=\"swiper-slide-inner\" href=\"https:\/\/www.fiestasete.com\/\"><div class=\"swiper-slide-contents\"><div class=\"elementor-slide-heading\">Th\u00e9\u00e2tre de la mer<\/div><div class=\"elementor-slide-description\">Fiast'A S\u00e8te, \u00e9dition 2022\nConcert au bord de la mer<\/div><div  class=\"elementor-button elementor-slide-button elementor-size-sm\">Plus d'infos<\/div><\/div><\/a><\/div><div class=\"elementor-repeater-item-5667159 swiper-slide\" role=\"group\" aria-roledescription=\"slide\"><div class=\"swiper-slide-bg\" role=\"img\" aria-label=\"\"><\/div><div class=\"swiper-slide-inner\" ><div class=\"swiper-slide-contents\"><div class=\"elementor-slide-heading\">Famille SANCHEZ<\/div><div class=\"elementor-slide-description\">Une dynastie d\u2019ostr\u00e9iculteurs depuis 4 g\u00e9n\u00e9rations\u2026<\/div><a href=\"https:\/\/guysanchez-huitres.fr\/fr\/entreprise\" class=\"elementor-button elementor-slide-button elementor-size-sm\">Site Web<\/a><\/div><\/div><\/div><div class=\"elementor-repeater-item-b929471 swiper-slide\" role=\"group\" aria-roledescription=\"slide\"><div class=\"swiper-slide-bg\" role=\"img\" aria-label=\"\"><\/div><div class=\"swiper-slide-inner\" ><div class=\"swiper-slide-contents\"><div class=\"elementor-slide-heading\">Concert<\/div><div class=\"elementor-slide-description\">Folies Lyriques\n\u00c9dition 2022<\/div><a href=\"https:\/\/folieslyriques.com\/\" class=\"elementor-button elementor-slide-button elementor-size-sm\">Plus d'infos<\/a><\/div><\/div><\/div>\t\t\t\t<\/div>\n\t\t\t\t\t\t\t\t\t\t\t\t\t\t\t<div class=\"elementor-swiper-button elementor-swiper-button-prev\" role=\"button\" tabindex=\"0\" aria-label=\"Diapositive pr\u00e9c\u00e9dente\">\n\t\t\t\t\t\t\t<i aria-hidden=\"true\" class=\"eicon-chevron-left\"><\/i>\t\t\t\t\t\t<\/div>\n\t\t\t\t\t\t<div class=\"elementor-swiper-button elementor-swiper-button-next\" role=\"button\" tabindex=\"0\" aria-label=\"Diapositive suivante\">\n\t\t\t\t\t\t\t<i aria-hidden=\"true\" class=\"eicon-chevron-right\"><\/i>\t\t\t\t\t\t<\/div>\n\t\t\t\t\t\t\t\t\t\t\t\t\t\t\t\t<div class=\"swiper-pagination\"><\/div>\n\t\t\t\t\t\t\t\t\t\t\t\t<\/div>\n\t\t\t\t<\/div>\n\t\t\t\t\t\t\t\t<\/div>\n\t\t\t\t<\/div>\n\t\t\t\t\t<\/div>\n\t\t<\/div>\n\t\t\t\t<div class=\"elementor-column elementor-col-66 elementor-top-column elementor-element elementor-element-649c9a8\" data-id=\"649c9a8\" data-element_type=\"column\" data-e-type=\"column\">\n\t\t\t<div class=\"elementor-widget-wrap elementor-element-populated\">\n\t\t\t\t\t\t<div class=\"elementor-element elementor-element-0c1c2bc title-vintage elementor-widget elementor-widget-text-editor\" data-id=\"0c1c2bc\" data-element_type=\"widget\" data-e-type=\"widget\" data-widget_type=\"text-editor.default\">\n\t\t\t\t<div class=\"elementor-widget-container\">\n\t\t\t\t\t\t\t\t\t<h1>Mas de Daumas Gassac &amp; sa R\u00e9gion<\/h1><h3>Partenariats &amp; M\u00e9c\u00e9nats<\/h3><hr \/><p>\u00a0<\/p>\t\t\t\t\t\t\t\t<\/div>\n\t\t\t\t<\/div>\n\t\t\t\t\t<\/div>\n\t\t<\/div>\n\t\t\t\t\t<\/div>\n\t\t<\/section>\n\t\t\t\t<\/div>\n\t\t","protected":false},"excerpt":{"rendered":"<p>\u00c9v\u00e8nements Par nos actions et nos engagements, nous agissons en faveur d\u2019\u00e9v\u00e8nements culturels, artistiques ou \u0153nologiques qui nous ressemblent et avec lesquels nous sommes en empathie. \u00c2 travers ces diff\u00e9rentes participations, nous tenons aussi \u00e0 rester en \u00e9veil sur ce qu\u2019il se passe en dehors de nos terres et de nous en nourrir au quotidien. [&hellip;]<\/p>\n","protected":false},"author":7,"featured_media":0,"parent":0,"menu_order":0,"comment_status":"closed","ping_status":"open","template":"","meta":{"_acf_changed":false,"footnotes":""},"categories":[],"class_list":["post-3180","page","type-page","status-publish","hentry"],"acf":[],"yoast_head":"<!-- This site is optimized with the Yoast SEO plugin v27.0 - https:\/\/yoast.com\/product\/yoast-seo-wordpress\/ -->\n<title>Nos actions - Engagements du Mas de Daumas Gassac dans la r\u00e9gion<\/title>\n<meta name=\"description\" content=\"D\u00e9couvrez nos engagements dans la r\u00e9gion. Nous agissons en faveur d\u2019\u00e9v\u00e8nements culturels, artistiques ou \u0153nologiques qui nous ressemblent.\" \/>\n<meta name=\"robots\" content=\"index, follow, max-snippet:-1, max-image-preview:large, max-video-preview:-1\" \/>\n<link rel=\"canonical\" href=\"https:\/\/www.daumas-gassac.com\/fr\/our-actions\/\" \/>\n<meta property=\"og:locale\" content=\"fr_FR\" \/>\n<meta property=\"og:type\" content=\"article\" \/>\n<meta property=\"og:title\" content=\"Nos actions - Engagements du Mas de Daumas Gassac dans la r\u00e9gion\" \/>\n<meta property=\"og:description\" content=\"D\u00e9couvrez nos engagements dans la r\u00e9gion. Nous agissons en faveur d\u2019\u00e9v\u00e8nements culturels, artistiques ou \u0153nologiques qui nous ressemblent.\" \/>\n<meta property=\"og:url\" content=\"https:\/\/www.daumas-gassac.com\/fr\/our-actions\/\" \/>\n<meta property=\"og:site_name\" content=\"Daumas Gassac\" \/>\n<meta property=\"og:image\" content=\"https:\/\/www.daumas-gassac.com\/wp-content\/uploads\/400x400_2022_logo_festival-1-150x150.jpg\" \/>\n<meta name=\"twitter:card\" content=\"summary_large_image\" \/>\n<meta name=\"twitter:label1\" content=\"Dur\u00e9e de lecture estim\u00e9e\" \/>\n\t<meta name=\"twitter:data1\" content=\"10 minutes\" \/>\n<script type=\"application\/ld+json\" class=\"yoast-schema-graph\">{\"@context\":\"https:\/\/schema.org\",\"@graph\":[{\"@type\":\"WebPage\",\"@id\":\"https:\/\/www.daumas-gassac.com\/fr\/our-actions\/\",\"url\":\"https:\/\/www.daumas-gassac.com\/fr\/our-actions\/\",\"name\":\"Nos actions - Engagements du Mas de Daumas Gassac dans la r\u00e9gion\",\"isPartOf\":{\"@id\":\"https:\/\/www.daumas-gassac.com\/fr\/#website\"},\"primaryImageOfPage\":{\"@id\":\"https:\/\/www.daumas-gassac.com\/fr\/our-actions\/#primaryimage\"},\"image\":{\"@id\":\"https:\/\/www.daumas-gassac.com\/fr\/our-actions\/#primaryimage\"},\"thumbnailUrl\":\"https:\/\/www.daumas-gassac.com\/wp-content\/uploads\/400x400_2022_logo_festival-1-150x150.jpg\",\"datePublished\":\"2019-07-31T15:25:01+00:00\",\"description\":\"D\u00e9couvrez nos engagements dans la r\u00e9gion. Nous agissons en faveur d\u2019\u00e9v\u00e8nements culturels, artistiques ou \u0153nologiques qui nous ressemblent.\",\"breadcrumb\":{\"@id\":\"https:\/\/www.daumas-gassac.com\/fr\/our-actions\/#breadcrumb\"},\"inLanguage\":\"fr-FR\",\"potentialAction\":[{\"@type\":\"ReadAction\",\"target\":[\"https:\/\/www.daumas-gassac.com\/fr\/our-actions\/\"]}]},{\"@type\":\"ImageObject\",\"inLanguage\":\"fr-FR\",\"@id\":\"https:\/\/www.daumas-gassac.com\/fr\/our-actions\/#primaryimage\",\"url\":\"https:\/\/www.daumas-gassac.com\/wp-content\/uploads\/400x400_2022_logo_festival-1-150x150.jpg\",\"contentUrl\":\"https:\/\/www.daumas-gassac.com\/wp-content\/uploads\/400x400_2022_logo_festival-1-150x150.jpg\"},{\"@type\":\"BreadcrumbList\",\"@id\":\"https:\/\/www.daumas-gassac.com\/fr\/our-actions\/#breadcrumb\",\"itemListElement\":[{\"@type\":\"ListItem\",\"position\":1,\"name\":\"Accueil\",\"item\":\"https:\/\/www.daumas-gassac.com\/fr\/\"},{\"@type\":\"ListItem\",\"position\":2,\"name\":\"Nos actions\"}]},{\"@type\":\"WebSite\",\"@id\":\"https:\/\/www.daumas-gassac.com\/fr\/#website\",\"url\":\"https:\/\/www.daumas-gassac.com\/fr\/\",\"name\":\"Daumas Gassac\",\"description\":\"\",\"potentialAction\":[{\"@type\":\"SearchAction\",\"target\":{\"@type\":\"EntryPoint\",\"urlTemplate\":\"https:\/\/www.daumas-gassac.com\/fr\/?s={search_term_string}\"},\"query-input\":{\"@type\":\"PropertyValueSpecification\",\"valueRequired\":true,\"valueName\":\"search_term_string\"}}],\"inLanguage\":\"fr-FR\"}]}<\/script>\n<!-- \/ Yoast SEO plugin. -->","yoast_head_json":{"title":"Nos actions - Engagements du Mas de Daumas Gassac dans la r\u00e9gion","description":"D\u00e9couvrez nos engagements dans la r\u00e9gion. Nous agissons en faveur d\u2019\u00e9v\u00e8nements culturels, artistiques ou \u0153nologiques qui nous ressemblent.","robots":{"index":"index","follow":"follow","max-snippet":"max-snippet:-1","max-image-preview":"max-image-preview:large","max-video-preview":"max-video-preview:-1"},"canonical":"https:\/\/www.daumas-gassac.com\/fr\/our-actions\/","og_locale":"fr_FR","og_type":"article","og_title":"Nos actions - Engagements du Mas de Daumas Gassac dans la r\u00e9gion","og_description":"D\u00e9couvrez nos engagements dans la r\u00e9gion. Nous agissons en faveur d\u2019\u00e9v\u00e8nements culturels, artistiques ou \u0153nologiques qui nous ressemblent.","og_url":"https:\/\/www.daumas-gassac.com\/fr\/our-actions\/","og_site_name":"Daumas Gassac","og_image":[{"url":"https:\/\/www.daumas-gassac.com\/wp-content\/uploads\/400x400_2022_logo_festival-1-150x150.jpg","type":"","width":"","height":""}],"twitter_card":"summary_large_image","twitter_misc":{"Dur\u00e9e de lecture estim\u00e9e":"10 minutes"},"schema":{"@context":"https:\/\/schema.org","@graph":[{"@type":"WebPage","@id":"https:\/\/www.daumas-gassac.com\/fr\/our-actions\/","url":"https:\/\/www.daumas-gassac.com\/fr\/our-actions\/","name":"Nos actions - Engagements du Mas de Daumas Gassac dans la r\u00e9gion","isPartOf":{"@id":"https:\/\/www.daumas-gassac.com\/fr\/#website"},"primaryImageOfPage":{"@id":"https:\/\/www.daumas-gassac.com\/fr\/our-actions\/#primaryimage"},"image":{"@id":"https:\/\/www.daumas-gassac.com\/fr\/our-actions\/#primaryimage"},"thumbnailUrl":"https:\/\/www.daumas-gassac.com\/wp-content\/uploads\/400x400_2022_logo_festival-1-150x150.jpg","datePublished":"2019-07-31T15:25:01+00:00","description":"D\u00e9couvrez nos engagements dans la r\u00e9gion. Nous agissons en faveur d\u2019\u00e9v\u00e8nements culturels, artistiques ou \u0153nologiques qui nous ressemblent.","breadcrumb":{"@id":"https:\/\/www.daumas-gassac.com\/fr\/our-actions\/#breadcrumb"},"inLanguage":"fr-FR","potentialAction":[{"@type":"ReadAction","target":["https:\/\/www.daumas-gassac.com\/fr\/our-actions\/"]}]},{"@type":"ImageObject","inLanguage":"fr-FR","@id":"https:\/\/www.daumas-gassac.com\/fr\/our-actions\/#primaryimage","url":"https:\/\/www.daumas-gassac.com\/wp-content\/uploads\/400x400_2022_logo_festival-1-150x150.jpg","contentUrl":"https:\/\/www.daumas-gassac.com\/wp-content\/uploads\/400x400_2022_logo_festival-1-150x150.jpg"},{"@type":"BreadcrumbList","@id":"https:\/\/www.daumas-gassac.com\/fr\/our-actions\/#breadcrumb","itemListElement":[{"@type":"ListItem","position":1,"name":"Accueil","item":"https:\/\/www.daumas-gassac.com\/fr\/"},{"@type":"ListItem","position":2,"name":"Nos actions"}]},{"@type":"WebSite","@id":"https:\/\/www.daumas-gassac.com\/fr\/#website","url":"https:\/\/www.daumas-gassac.com\/fr\/","name":"Daumas Gassac","description":"","potentialAction":[{"@type":"SearchAction","target":{"@type":"EntryPoint","urlTemplate":"https:\/\/www.daumas-gassac.com\/fr\/?s={search_term_string}"},"query-input":{"@type":"PropertyValueSpecification","valueRequired":true,"valueName":"search_term_string"}}],"inLanguage":"fr-FR"}]}},"_links":{"self":[{"href":"https:\/\/www.daumas-gassac.com\/fr\/wp-json\/wp\/v2\/pages\/3180","targetHints":{"allow":["GET"]}}],"collection":[{"href":"https:\/\/www.daumas-gassac.com\/fr\/wp-json\/wp\/v2\/pages"}],"about":[{"href":"https:\/\/www.daumas-gassac.com\/fr\/wp-json\/wp\/v2\/types\/page"}],"author":[{"embeddable":true,"href":"https:\/\/www.daumas-gassac.com\/fr\/wp-json\/wp\/v2\/users\/7"}],"replies":[{"embeddable":true,"href":"https:\/\/www.daumas-gassac.com\/fr\/wp-json\/wp\/v2\/comments?post=3180"}],"version-history":[{"count":0,"href":"https:\/\/www.daumas-gassac.com\/fr\/wp-json\/wp\/v2\/pages\/3180\/revisions"}],"wp:attachment":[{"href":"https:\/\/www.daumas-gassac.com\/fr\/wp-json\/wp\/v2\/media?parent=3180"}],"wp:term":[{"taxonomy":"category","embeddable":true,"href":"https:\/\/www.daumas-gassac.com\/fr\/wp-json\/wp\/v2\/categories?post=3180"}],"curies":[{"name":"wp","href":"https:\/\/api.w.org\/{rel}","templated":true}]}}