{"id":1594,"date":"2019-05-20T16:34:19","date_gmt":"2019-05-20T14:34:19","guid":{"rendered":"https:\/\/www.daumas-gassac.com\/mentions-legales\/"},"modified":"2024-12-05T15:10:54","modified_gmt":"2024-12-05T14:10:54","slug":"mentions-legales","status":"publish","type":"page","link":"https:\/\/www.daumas-gassac.com\/fr\/mentions-legales\/","title":{"rendered":"Mentions l\u00e9gales"},"content":{"rendered":"\t\t<div data-elementor-type=\"wp-post\" data-elementor-id=\"1594\" class=\"elementor elementor-1594\" data-elementor-post-type=\"page\">\n\t\t\t\t<div class=\"elementor-element elementor-element-adb09e9 e-flex e-con-boxed e-con e-parent\" data-id=\"adb09e9\" data-element_type=\"container\" data-e-type=\"container\">\n\t\t\t\t\t<div class=\"e-con-inner\">\n\t\t<div class=\"elementor-element elementor-element-8b8b5f4 e-con-full e-flex e-con e-child\" data-id=\"8b8b5f4\" data-element_type=\"container\" data-e-type=\"container\" data-settings=\"{&quot;background_background&quot;:&quot;classic&quot;}\">\n\t\t\t\t<div class=\"elementor-element elementor-element-aebc575 elementor-widget elementor-widget-heading\" data-id=\"aebc575\" data-element_type=\"widget\" data-e-type=\"widget\" data-widget_type=\"heading.default\">\n\t\t\t\t<div class=\"elementor-widget-container\">\n\t\t\t\t\t<h1 class=\"elementor-heading-title elementor-size-default\">Mentions l\u00e9gales<\/h1>\t\t\t\t<\/div>\n\t\t\t\t<\/div>\n\t\t\t\t<div class=\"elementor-element elementor-element-c210d0a elementor-widget-divider--view-line elementor-widget elementor-widget-divider\" data-id=\"c210d0a\" data-element_type=\"widget\" data-e-type=\"widget\" data-widget_type=\"divider.default\">\n\t\t\t\t<div class=\"elementor-widget-container\">\n\t\t\t\t\t\t\t<div class=\"elementor-divider\">\n\t\t\t<span class=\"elementor-divider-separator\">\n\t\t\t\t\t\t<\/span>\n\t\t<\/div>\n\t\t\t\t\t\t<\/div>\n\t\t\t\t<\/div>\n\t\t\t\t<div class=\"elementor-element elementor-element-ea94302 elementor-view-default elementor-widget elementor-widget-icon\" data-id=\"ea94302\" data-element_type=\"widget\" data-e-type=\"widget\" data-widget_type=\"icon.default\">\n\t\t\t\t<div class=\"elementor-widget-container\">\n\t\t\t\t\t\t\t<div class=\"elementor-icon-wrapper\">\n\t\t\t<a class=\"elementor-icon\" href=\"#first\">\n\t\t\t<svg xmlns=\"http:\/\/www.w3.org\/2000\/svg\" width=\"32\" height=\"17\" viewBox=\"0 0 32 17\" fill=\"none\"><path d=\"M0.249572 1.40128C0.170612 1.3262 0.107837 1.23633 0.0649657 1.13699C0.0220942 1.03766 3.29597e-06 0.930895 3.30558e-06 0.823031C3.3152e-06 0.715167 0.0220942 0.6084 0.0649657 0.509069C0.107837 0.409736 0.170612 0.319862 0.249572 0.244779C0.326128 0.167337 0.417764 0.105769 0.519044 0.0637218C0.620323 0.0216762 0.729183 8.76288e-06 0.839162 8.77231e-06C0.94914 8.78174e-06 1.058 0.0216763 1.15928 0.0637219C1.26056 0.105769 1.3522 0.167337 1.42875 0.244779L16 14.5152L30.5713 0.244781C30.6478 0.167339 30.7394 0.105772 30.8407 0.0637244C30.942 0.0216788 31.0509 1.13627e-05 31.1608 1.13721e-05C31.2708 1.13816e-05 31.3797 0.0216789 31.481 0.0637245C31.5822 0.105772 31.6739 0.167339 31.7504 0.244781C31.8294 0.319864 31.8922 0.409739 31.935 0.509071C31.9779 0.608402 32 0.71517 32 0.823033C32 0.930898 31.9779 1.03766 31.935 1.137C31.8922 1.23633 31.8294 1.3262 31.7504 1.40128L17.2002 15.6923C16 16.7731 16 16.7903 14.7998 15.6923L0.249572 1.40128Z\" fill=\"white\"><\/path><\/svg>\t\t\t<\/a>\n\t\t<\/div>\n\t\t\t\t\t\t<\/div>\n\t\t\t\t<\/div>\n\t\t\t\t<\/div>\n\t\t\t\t\t<\/div>\n\t\t\t\t<\/div>\n\t\t<div class=\"elementor-element elementor-element-90c8732 wrap-content e-flex e-con-boxed e-con e-parent\" data-id=\"90c8732\" data-element_type=\"container\" data-e-type=\"container\">\n\t\t\t\t\t<div class=\"e-con-inner\">\n\t\t<div class=\"elementor-element elementor-element-b57cf95 e-con-full wrap-left e-flex e-con e-child\" data-id=\"b57cf95\" data-element_type=\"container\" data-e-type=\"container\" data-settings=\"{&quot;background_background&quot;:&quot;classic&quot;}\">\n\t\t<div class=\"elementor-element elementor-element-9d55db4 e-con-full e-flex e-con e-child\" data-id=\"9d55db4\" data-element_type=\"container\" data-e-type=\"container\" data-settings=\"{&quot;background_background&quot;:&quot;classic&quot;}\">\n\t\t<div class=\"elementor-element elementor-element-f5f5e41 e-flex e-con-boxed e-con e-child\" data-id=\"f5f5e41\" data-element_type=\"container\" data-e-type=\"container\">\n\t\t\t\t\t<div class=\"e-con-inner\">\n\t\t\t\t<div class=\"elementor-element elementor-element-9dbf1b8 elementor-widget elementor-widget-text-editor\" data-id=\"9dbf1b8\" data-element_type=\"widget\" data-e-type=\"widget\" data-widget_type=\"text-editor.default\">\n\t\t\t\t<div class=\"elementor-widget-container\">\n\t\t\t\t\t\t\t\t\t<p style=\"text-align: center;\">D\u00e9nomination : SAS MOULIN DE GASSAC<br \/>Si\u00e8ge social : Mas de Daumas Gassac &#8211; 34150 ANIANE<br \/>N\u00b0 immatriculation RCS : 507 448 686 \u2013 MONTPELLIER<br \/>Repr\u00e9sentant l\u00e9gal et Directeur de la publication:<br \/>M Roman GUIBERT<br \/>T\u00e9l\u00e9phone : +33 (0)4 67 57 88 45<br \/>Fax +33 (0)4 67 57 41 03<br \/>Contact mail : <a href=\"mailto:contact@daumas-gassac.com\">contact@daumas-gassac.com<\/a><\/p><p style=\"text-align: center;\"><strong>CONCEPTION ET R\u00c9ALISATION DU SITE INTERNET<\/strong><\/p><p style=\"text-align: center;\"><a href=\"https:\/\/www.velsya.wine\" target=\"_blank\" rel=\"noopener\">VELSYA<\/a><\/p><p>1024 avenue Henri Becquerel<br \/>34000 Montpellier<\/p><p>SAS au capital de 15 330 Euros<br \/>Siret : 52237494100014<br \/>N\u00b0 de TVA intracommunautaire : FR13522374941<\/p><p style=\"text-align: center;\"><strong>H\u00c9BERGEMENT<\/strong><\/p><p>SCALEWAY<br \/>8 rue de la Ville l\u2019Ev\u00eaque<br \/>75008 Paris<\/p><p>SAS au capital de 214 410,50 Euros<br \/>Siret : 43311590400057<br \/>N\u00b0 de TVA intracommunautaire : FR35433115904<\/p><p style=\"text-align: center;\"><strong>PROTECTION DES MINEURS<\/strong><\/p><p style=\"text-align: center;\">Conform\u00e9ment \u00e0 l&rsquo;article L. 3342-1 du Code de la Sant\u00e9 Publique qui stipule que la vente d&rsquo;alcool \u00e0 des mineurs de moins de seize (16) ans est interdite, vous vous engagez, en remplissant le bon de commande, \u00e0 avoir seize (16) ans r\u00e9volus \u00e0 la date de la commande.<\/p><p style=\"text-align: center;\"><strong>PROTECTION DES DONNEES<\/strong><\/p><p style=\"text-align: center;\">La SAS Moulin de Gassac applique strictement la loi 78-17 du 6 janvier 1978 relative \u00e0 \u00abl&rsquo;informatique, aux fichiers et aux libert\u00e9s\u00bb ainsi que les principes d\u00e9ontologiques qui en d\u00e9coulent quant aux informations personnelles que vous pouvez \u00eatre amen\u00e9s \u00e0 nous communiquer dans le cadre d&rsquo;une commande pass\u00e9e sur notre site Internet. Ces informations personnelles sont prot\u00e9g\u00e9es, d\u00e9clar\u00e9es \u00e0 la CNIL et exclusivement r\u00e9serv\u00e9es \u00e0 l&rsquo;usage de notre personnel de production. Vous disposez d&rsquo;un droit d&rsquo;acc\u00e8s, de modification, de rectification et de suppression de vos donn\u00e9es personnelles.<br \/>Il s&rsquo;exerce en \u00e9crivant \u00e0 : SAS Moulin de Gassac, Haute vall\u00e9e du Gassac, 34150 ANIANE.<br \/>Email: <a href=\"mailto:contact@daumas-gassac.com\">contact@daumas-gassac.com<\/a><\/p><p style=\"text-align: center;\"><strong>MODIFICATION, INTERRUPTION ET RESILIATION<\/strong><\/p><p style=\"text-align: center;\">La SAS Moulin de Gassac est en droit, \u00e0 son enti\u00e8re discr\u00e9tion, d&rsquo;ajouter, supprimer ou modifier \u00e0 tout moment tout ou partie des services inclus dans le site Web, de l&rsquo;interrompre momentan\u00e9ment ou de r\u00e9silier la pr\u00e9sente licence. Les mentions l\u00e9gales peuvent \u00e9galement \u00eatre modifi\u00e9es ou adapt\u00e9es \u00e0 tout moment. Vous \u00eates invit\u00e9 \u00e0 les consulter r\u00e9guli\u00e8rement et \u00e0 les respecter sans r\u00e9serve.<\/p><p style=\"text-align: center;\"><strong>LIMITATION DE LA RESPONSABILITE<\/strong><\/p><p style=\"text-align: center;\">La SAS Moulin de Gassac a pr\u00e9par\u00e9 le contenu de ce site avec soin et technicit\u00e9. Elle s&rsquo;efforce d&rsquo;assurer au mieux de ses possibilit\u00e9s l&rsquo;exactitude et la mise \u00e0 jour des informations diffus\u00e9es sur le site et se r\u00e9serve le droit d&rsquo;en modifier le contenu \u00e0 tout moment. De ce fait, les informations et visuels diffus\u00e9s ont un caract\u00e8re exclusivement informatif et ne sauraient en aucun cas constituer un document contractuel pouvant fonder une action en justice. La SAS Moulin de Gassac ne saurait \u00eatre tenue pour responsable de tout dommage direct ou indirect &#8211; quelles qu&rsquo;en soient la cause, l&rsquo;origine, la nature et les cons\u00e9quences &#8211; r\u00e9sultant de l&rsquo;acc\u00e8s au site, de son utilisation ou de l&rsquo;impossibilit\u00e9 d&rsquo;y acc\u00e9der, ainsi que de tout dommage du mat\u00e9riel des utilisateurs.<\/p><p style=\"text-align: center;\"><strong>PROPRIETE INTELLECTUELLE<\/strong><\/p><p style=\"text-align: center;\">L&rsquo;ensemble du site, et chacun de ses \u00e9l\u00e9ments pris s\u00e9par\u00e9ment, constituent une \u0153uvre prot\u00e9g\u00e9e et rel\u00e8vent de la l\u00e9gislation fran\u00e7aise et internationale sur le droit d&rsquo;auteur et la propri\u00e9t\u00e9 intellectuelle. Aucune exploitation commerciale, reproduction, repr\u00e9sentation, utilisation, adaptation, modification, incorporation, traduction, commercialisation, partielle ou int\u00e9grale des \u00e9l\u00e9ments de ce site ne peut se faire sans l&rsquo;autorisation pr\u00e9alable de la SAS Moulin de Gassac. La violation de ce droit de propri\u00e9t\u00e9 intellectuelle et\/ou industrielle est un d\u00e9lit de contrefa\u00e7on passible d&rsquo;une peine de 2 ans d&#8217;emprisonnement et d&rsquo;une amende de 150 000 euros.<\/p>\t\t\t\t\t\t\t\t<\/div>\n\t\t\t\t<\/div>\n\t\t\t\t\t<\/div>\n\t\t\t\t<\/div>\n\t\t\t\t<\/div>\n\t\t\t\t<\/div>\n\t\t\t\t\t<\/div>\n\t\t\t\t<\/div>\n\t\t\t\t<\/div>\n\t\t","protected":false},"excerpt":{"rendered":"<p>Mentions l\u00e9gales D\u00e9nomination : SAS MOULIN DE GASSACSi\u00e8ge social : Mas de Daumas Gassac &#8211; 34150 ANIANEN\u00b0 immatriculation RCS : 507 448 686 \u2013 MONTPELLIERRepr\u00e9sentant l\u00e9gal et Directeur de la publication:M Roman GUIBERTT\u00e9l\u00e9phone : +33 (0)4 67 57 88 45Fax +33 (0)4 67 57 41 03Contact mail : contact@daumas-gassac.com CONCEPTION ET R\u00c9ALISATION DU SITE INTERNET [&hellip;]<\/p>\n","protected":false},"author":7,"featured_media":0,"parent":0,"menu_order":0,"comment_status":"closed","ping_status":"open","template":"","meta":{"_acf_changed":false,"footnotes":""},"categories":[],"class_list":["post-1594","page","type-page","status-publish","hentry"],"acf":[],"yoast_head":"<!-- This site is optimized with the Yoast SEO plugin v27.0 - https:\/\/yoast.com\/product\/yoast-seo-wordpress\/ -->\n<title>Mentions l\u00e9gales - Daumas Gassac<\/title>\n<meta name=\"robots\" content=\"index, follow, max-snippet:-1, max-image-preview:large, max-video-preview:-1\" \/>\n<link rel=\"canonical\" href=\"https:\/\/www.daumas-gassac.com\/fr\/mentions-legales\/\" \/>\n<meta property=\"og:locale\" content=\"fr_FR\" \/>\n<meta property=\"og:type\" content=\"article\" \/>\n<meta property=\"og:title\" content=\"Mentions l\u00e9gales - Daumas Gassac\" \/>\n<meta property=\"og:description\" content=\"Mentions l\u00e9gales D\u00e9nomination : SAS MOULIN DE GASSACSi\u00e8ge social : Mas de Daumas Gassac &#8211; 34150 ANIANEN\u00b0 immatriculation RCS : 507 448 686 \u2013 MONTPELLIERRepr\u00e9sentant l\u00e9gal et Directeur de la publication:M Roman GUIBERTT\u00e9l\u00e9phone : +33 (0)4 67 57 88 45Fax +33 (0)4 67 57 41 03Contact mail : contact@daumas-gassac.com CONCEPTION ET R\u00c9ALISATION DU SITE INTERNET [&hellip;]\" \/>\n<meta property=\"og:url\" content=\"https:\/\/www.daumas-gassac.com\/fr\/mentions-legales\/\" \/>\n<meta property=\"og:site_name\" content=\"Daumas Gassac\" \/>\n<meta property=\"article:modified_time\" content=\"2024-12-05T14:10:54+00:00\" \/>\n<meta name=\"twitter:card\" content=\"summary_large_image\" \/>\n<meta name=\"twitter:label1\" content=\"Dur\u00e9e de lecture estim\u00e9e\" \/>\n\t<meta name=\"twitter:data1\" content=\"3 minutes\" \/>\n<script type=\"application\/ld+json\" class=\"yoast-schema-graph\">{\"@context\":\"https:\/\/schema.org\",\"@graph\":[{\"@type\":\"WebPage\",\"@id\":\"https:\/\/www.daumas-gassac.com\/fr\/mentions-legales\/\",\"url\":\"https:\/\/www.daumas-gassac.com\/fr\/mentions-legales\/\",\"name\":\"Mentions l\u00e9gales - Daumas Gassac\",\"isPartOf\":{\"@id\":\"https:\/\/www.daumas-gassac.com\/fr\/#website\"},\"datePublished\":\"2019-05-20T14:34:19+00:00\",\"dateModified\":\"2024-12-05T14:10:54+00:00\",\"breadcrumb\":{\"@id\":\"https:\/\/www.daumas-gassac.com\/fr\/mentions-legales\/#breadcrumb\"},\"inLanguage\":\"fr-FR\",\"potentialAction\":[{\"@type\":\"ReadAction\",\"target\":[\"https:\/\/www.daumas-gassac.com\/fr\/mentions-legales\/\"]}]},{\"@type\":\"BreadcrumbList\",\"@id\":\"https:\/\/www.daumas-gassac.com\/fr\/mentions-legales\/#breadcrumb\",\"itemListElement\":[{\"@type\":\"ListItem\",\"position\":1,\"name\":\"Accueil\",\"item\":\"https:\/\/www.daumas-gassac.com\/fr\/\"},{\"@type\":\"ListItem\",\"position\":2,\"name\":\"Mentions l\u00e9gales\"}]},{\"@type\":\"WebSite\",\"@id\":\"https:\/\/www.daumas-gassac.com\/fr\/#website\",\"url\":\"https:\/\/www.daumas-gassac.com\/fr\/\",\"name\":\"Daumas Gassac\",\"description\":\"\",\"potentialAction\":[{\"@type\":\"SearchAction\",\"target\":{\"@type\":\"EntryPoint\",\"urlTemplate\":\"https:\/\/www.daumas-gassac.com\/fr\/?s={search_term_string}\"},\"query-input\":{\"@type\":\"PropertyValueSpecification\",\"valueRequired\":true,\"valueName\":\"search_term_string\"}}],\"inLanguage\":\"fr-FR\"}]}<\/script>\n<!-- \/ Yoast SEO plugin. -->","yoast_head_json":{"title":"Mentions l\u00e9gales - Daumas Gassac","robots":{"index":"index","follow":"follow","max-snippet":"max-snippet:-1","max-image-preview":"max-image-preview:large","max-video-preview":"max-video-preview:-1"},"canonical":"https:\/\/www.daumas-gassac.com\/fr\/mentions-legales\/","og_locale":"fr_FR","og_type":"article","og_title":"Mentions l\u00e9gales - Daumas Gassac","og_description":"Mentions l\u00e9gales D\u00e9nomination : SAS MOULIN DE GASSACSi\u00e8ge social : Mas de Daumas Gassac &#8211; 34150 ANIANEN\u00b0 immatriculation RCS : 507 448 686 \u2013 MONTPELLIERRepr\u00e9sentant l\u00e9gal et Directeur de la publication:M Roman GUIBERTT\u00e9l\u00e9phone : +33 (0)4 67 57 88 45Fax +33 (0)4 67 57 41 03Contact mail : contact@daumas-gassac.com CONCEPTION ET R\u00c9ALISATION DU SITE INTERNET [&hellip;]","og_url":"https:\/\/www.daumas-gassac.com\/fr\/mentions-legales\/","og_site_name":"Daumas Gassac","article_modified_time":"2024-12-05T14:10:54+00:00","twitter_card":"summary_large_image","twitter_misc":{"Dur\u00e9e de lecture estim\u00e9e":"3 minutes"},"schema":{"@context":"https:\/\/schema.org","@graph":[{"@type":"WebPage","@id":"https:\/\/www.daumas-gassac.com\/fr\/mentions-legales\/","url":"https:\/\/www.daumas-gassac.com\/fr\/mentions-legales\/","name":"Mentions l\u00e9gales - Daumas Gassac","isPartOf":{"@id":"https:\/\/www.daumas-gassac.com\/fr\/#website"},"datePublished":"2019-05-20T14:34:19+00:00","dateModified":"2024-12-05T14:10:54+00:00","breadcrumb":{"@id":"https:\/\/www.daumas-gassac.com\/fr\/mentions-legales\/#breadcrumb"},"inLanguage":"fr-FR","potentialAction":[{"@type":"ReadAction","target":["https:\/\/www.daumas-gassac.com\/fr\/mentions-legales\/"]}]},{"@type":"BreadcrumbList","@id":"https:\/\/www.daumas-gassac.com\/fr\/mentions-legales\/#breadcrumb","itemListElement":[{"@type":"ListItem","position":1,"name":"Accueil","item":"https:\/\/www.daumas-gassac.com\/fr\/"},{"@type":"ListItem","position":2,"name":"Mentions l\u00e9gales"}]},{"@type":"WebSite","@id":"https:\/\/www.daumas-gassac.com\/fr\/#website","url":"https:\/\/www.daumas-gassac.com\/fr\/","name":"Daumas Gassac","description":"","potentialAction":[{"@type":"SearchAction","target":{"@type":"EntryPoint","urlTemplate":"https:\/\/www.daumas-gassac.com\/fr\/?s={search_term_string}"},"query-input":{"@type":"PropertyValueSpecification","valueRequired":true,"valueName":"search_term_string"}}],"inLanguage":"fr-FR"}]}},"_links":{"self":[{"href":"https:\/\/www.daumas-gassac.com\/fr\/wp-json\/wp\/v2\/pages\/1594","targetHints":{"allow":["GET"]}}],"collection":[{"href":"https:\/\/www.daumas-gassac.com\/fr\/wp-json\/wp\/v2\/pages"}],"about":[{"href":"https:\/\/www.daumas-gassac.com\/fr\/wp-json\/wp\/v2\/types\/page"}],"author":[{"embeddable":true,"href":"https:\/\/www.daumas-gassac.com\/fr\/wp-json\/wp\/v2\/users\/7"}],"replies":[{"embeddable":true,"href":"https:\/\/www.daumas-gassac.com\/fr\/wp-json\/wp\/v2\/comments?post=1594"}],"version-history":[{"count":22,"href":"https:\/\/www.daumas-gassac.com\/fr\/wp-json\/wp\/v2\/pages\/1594\/revisions"}],"predecessor-version":[{"id":39954,"href":"https:\/\/www.daumas-gassac.com\/fr\/wp-json\/wp\/v2\/pages\/1594\/revisions\/39954"}],"wp:attachment":[{"href":"https:\/\/www.daumas-gassac.com\/fr\/wp-json\/wp\/v2\/media?parent=1594"}],"wp:term":[{"taxonomy":"category","embeddable":true,"href":"https:\/\/www.daumas-gassac.com\/fr\/wp-json\/wp\/v2\/categories?post=1594"}],"curies":[{"name":"wp","href":"https:\/\/api.w.org\/{rel}","templated":true}]}}