{"id":1592,"date":"2019-06-28T10:19:49","date_gmt":"2019-06-28T08:19:49","guid":{"rendered":"https:\/\/www.daumas-gassac.com\/lexique\/"},"modified":"2024-03-12T15:45:27","modified_gmt":"2024-03-12T14:45:27","slug":"lexique","status":"publish","type":"page","link":"https:\/\/www.daumas-gassac.com\/fr\/lexique\/","title":{"rendered":"Lexique"},"content":{"rendered":"\t\t<div data-elementor-type=\"wp-post\" data-elementor-id=\"1592\" class=\"elementor elementor-1592\" data-elementor-post-type=\"page\">\n\t\t\t\t<div class=\"elementor-element elementor-element-28fabce e-flex e-con-boxed e-con e-parent\" data-id=\"28fabce\" data-element_type=\"container\" data-e-type=\"container\">\n\t\t\t\t\t<div class=\"e-con-inner\">\n\t\t<div class=\"elementor-element elementor-element-3c0cd60 e-con-full e-flex e-con e-child\" data-id=\"3c0cd60\" data-element_type=\"container\" data-e-type=\"container\" data-settings=\"{&quot;background_background&quot;:&quot;classic&quot;}\">\n\t\t\t\t<div class=\"elementor-element elementor-element-8bc6e2e elementor-widget elementor-widget-heading\" data-id=\"8bc6e2e\" data-element_type=\"widget\" data-e-type=\"widget\" data-widget_type=\"heading.default\">\n\t\t\t\t<div class=\"elementor-widget-container\">\n\t\t\t\t\t<h1 class=\"elementor-heading-title elementor-size-default\">Lexique<\/h1>\t\t\t\t<\/div>\n\t\t\t\t<\/div>\n\t\t\t\t<div class=\"elementor-element elementor-element-54cae5a elementor-widget-divider--view-line elementor-widget elementor-widget-divider\" data-id=\"54cae5a\" data-element_type=\"widget\" data-e-type=\"widget\" data-widget_type=\"divider.default\">\n\t\t\t\t<div class=\"elementor-widget-container\">\n\t\t\t\t\t\t\t<div class=\"elementor-divider\">\n\t\t\t<span class=\"elementor-divider-separator\">\n\t\t\t\t\t\t<\/span>\n\t\t<\/div>\n\t\t\t\t\t\t<\/div>\n\t\t\t\t<\/div>\n\t\t\t\t<div class=\"elementor-element elementor-element-bd5c8c1 elementor-view-default elementor-widget elementor-widget-icon\" data-id=\"bd5c8c1\" data-element_type=\"widget\" data-e-type=\"widget\" data-widget_type=\"icon.default\">\n\t\t\t\t<div class=\"elementor-widget-container\">\n\t\t\t\t\t\t\t<div class=\"elementor-icon-wrapper\">\n\t\t\t<a class=\"elementor-icon\" href=\"#first\">\n\t\t\t<svg xmlns=\"http:\/\/www.w3.org\/2000\/svg\" width=\"32\" height=\"17\" viewBox=\"0 0 32 17\" fill=\"none\"><path d=\"M0.249572 1.40128C0.170612 1.3262 0.107837 1.23633 0.0649657 1.13699C0.0220942 1.03766 3.29597e-06 0.930895 3.30558e-06 0.823031C3.3152e-06 0.715167 0.0220942 0.6084 0.0649657 0.509069C0.107837 0.409736 0.170612 0.319862 0.249572 0.244779C0.326128 0.167337 0.417764 0.105769 0.519044 0.0637218C0.620323 0.0216762 0.729183 8.76288e-06 0.839162 8.77231e-06C0.94914 8.78174e-06 1.058 0.0216763 1.15928 0.0637219C1.26056 0.105769 1.3522 0.167337 1.42875 0.244779L16 14.5152L30.5713 0.244781C30.6478 0.167339 30.7394 0.105772 30.8407 0.0637244C30.942 0.0216788 31.0509 1.13627e-05 31.1608 1.13721e-05C31.2708 1.13816e-05 31.3797 0.0216789 31.481 0.0637245C31.5822 0.105772 31.6739 0.167339 31.7504 0.244781C31.8294 0.319864 31.8922 0.409739 31.935 0.509071C31.9779 0.608402 32 0.71517 32 0.823033C32 0.930898 31.9779 1.03766 31.935 1.137C31.8922 1.23633 31.8294 1.3262 31.7504 1.40128L17.2002 15.6923C16 16.7731 16 16.7903 14.7998 15.6923L0.249572 1.40128Z\" fill=\"white\"><\/path><\/svg>\t\t\t<\/a>\n\t\t<\/div>\n\t\t\t\t\t\t<\/div>\n\t\t\t\t<\/div>\n\t\t\t\t<\/div>\n\t\t\t\t\t<\/div>\n\t\t\t\t<\/div>\n\t\t<div class=\"elementor-element elementor-element-6abc52a wrap-content e-flex e-con-boxed e-con e-parent\" data-id=\"6abc52a\" data-element_type=\"container\" data-e-type=\"container\" id=\"first\">\n\t\t\t\t\t<div class=\"e-con-inner\">\n\t\t<div class=\"elementor-element elementor-element-186b95a e-con-full wrap-left e-flex e-con e-child\" data-id=\"186b95a\" data-element_type=\"container\" data-e-type=\"container\" data-settings=\"{&quot;background_background&quot;:&quot;classic&quot;}\">\n\t\t<div class=\"elementor-element elementor-element-084913a e-con-full e-flex e-con e-child\" data-id=\"084913a\" data-element_type=\"container\" data-e-type=\"container\" data-settings=\"{&quot;background_background&quot;:&quot;classic&quot;}\">\n\t\t<div class=\"elementor-element elementor-element-0d290d1 e-flex e-con-boxed e-con e-child\" data-id=\"0d290d1\" data-element_type=\"container\" data-e-type=\"container\">\n\t\t\t\t\t<div class=\"e-con-inner\">\n\t\t\t\t<div class=\"elementor-element elementor-element-78680a9 elementor-widget elementor-widget-text-editor\" data-id=\"78680a9\" data-element_type=\"widget\" data-e-type=\"widget\" data-widget_type=\"text-editor.default\">\n\t\t\t\t<div class=\"elementor-widget-container\">\n\t\t\t\t\t\t\t\t\t<h2>A<\/h2>\n<p><strong>Accompagnement nm<\/strong><\/p>\n<p>Association d\u2019un mets et d\u2019un vin. Exemple : le vin rouge est un bon accompagnement pour la viande de b\u0153uf.<\/p>\n<p><strong>Acidit\u00e9 nf<\/strong><\/p>\n<p>Caract\u00e8re acide du vin, lui donnant sa fra\u00eecheur et du go\u00fbt \u00e0 condition qu\u2019il y ait un bon \u00e9quilibre avec les tanins et l\u2019alcool. L\u2019acidit\u00e9 joue un r\u00f4le important dans la long\u00e9vit\u00e9 d\u2019un vin.<\/p>\n<p><strong>\u00c2ge nm<\/strong><\/p>\n<p>L\u2019\u00e2ge d\u2019un vin est le temps \u00e9coul\u00e9 entre la vendange et le moment o\u00f9 l\u2019on en parle.<\/p>\n<p><strong>Amp\u00e9lographie nf<\/strong><\/p>\n<p>\u00c9tude scientifique de la vigne. L\u2019amp\u00e9lographie s\u2019int\u00e9resse beaucoup \u00e0 la classification des c\u00e9pages.<\/p>\n<p><strong>Appellation nf<\/strong><\/p>\n<p>D\u00e9signation g\u00e9ographie officielle.<\/p>\n<p><strong>Aromatique adj<\/strong><\/p>\n<p>Qui d\u00e9gage un parfum. Le muscat est un c\u00e9page tr\u00e8s aromatique.<\/p>\n<p><strong>Ar\u00f4me nm<\/strong><\/p>\n<p>Odeur s\u2019exhalant d\u2019un vin jeune.<\/p>\n<p><strong>Ar\u00f4me tertiaire nm<\/strong><\/p>\n<p>Ar\u00f4me se d\u00e9veloppant \u00e0 mesure que le vin vieillit. Les ar\u00f4mes tertiaires peuvent \u00eatre l\u2019expression du c\u00e9page ou du terroir.<\/p>\n<p><strong>Assoupli adj<\/strong><\/p>\n<p>Se dit d\u2019un vin rendu souple et rond par le vieillissement.<\/p>\n<p><strong>Astringence nf<\/strong><\/p>\n<p>Apret\u00e9 due aux acides et aux tannins, souvent un signe que le vin vieillira bien.<\/p>\n<p><strong>Attachage nm<\/strong><\/p>\n<p>Fixation du sarment sur le fil inf\u00e9rieur du palissage. Ce travail de printemps s\u2019effectue \u00e0 l\u2019aide de petits fils de fer ou d\u2019agrafes.<\/p>\n<p><strong>Attaque nf<\/strong><\/p>\n<p>Premi\u00e8re impression que donne le vin en bouche.<\/p>\n<h2>B<\/h2>\n<p><strong>Bague nf<\/strong><\/p>\n<p>Partie renfl\u00e9e du goulot de la bouteille. La bague assure \u00e0 la bouteille une r\u00e9sistance \u00e0 la pression du bouchon.<\/p>\n<p><strong>Baies nm<\/strong><\/p>\n<p>Pour le raisin, une grappe est compos\u00e9e d\u2019un certain nombre de baies. Les baies d\u2019autres fruits peuvent \u00eatre utilis\u00e9es dans l\u2019\u00e9laboration de certaines liqueurs ou comme aromates dans la fabrication d\u2019ap\u00e9ritifs ou de spiritueux.<\/p>\n<p><strong>Balthazar nm<\/strong><\/p>\n<p>Grande bouteille dont la contenance \u00e9quivaut \u00e0 16 bouteilles classiques, soit 12 litres.<\/p>\n<p><strong>Barrique nf<\/strong><\/p>\n<p>Le tonneau de r\u00e9f\u00e9rence dans le Bordelais ayant une contenance de 225 litres.<\/p>\n<p><strong>Bouche nf<\/strong><\/p>\n<p>Dans une d\u00e9gustation, on parle couramment des sensations olfactives \u00ab en bouche \u00bb par opposition \u00e0 celles d\u00e9tect\u00e9es \u00ab au nez \u00bb.<\/p>\n<p><strong>Bouchonn\u00e9 adj<\/strong><\/p>\n<p>Un vin qui, lorsqu\u2019on l\u2019ouvre et le sert, sent le bouchon.<\/p>\n<p><strong>Bourgeon nm<\/strong><\/p>\n<p>Organe hivernal form\u00e9 d\u2019\u00e9bauches de feuilles qui \u00e9clot au printemps en rejetant sa bourre.<\/p>\n<h2>C<\/h2>\n<p><strong>Cabernet nm<\/strong><\/p>\n<p>C\u00e9page noble donnant de grands vins rouges. Le plus c\u00e9l\u00e8bre est le Cabernet Sauvignon qui se caract\u00e9rise par l\u2019intensit\u00e9 de sa couleur, ses ar\u00f4mes de c\u00e8dre ou de cassis ses tannins et son acidit\u00e9. Ce c\u00e9page bordelais est aussi cultiv\u00e9 avec succ\u00e8s au Chili, en Californie et en Australie.<\/p>\n<p><strong>Calcaire nm<\/strong><\/p>\n<p>Roche s\u00e9dimentaire form\u00e9e principalement par du carbonate de calcium. Les terres calcaires de Bourgogne donnent des vins alcooliques et bouquet\u00e9s ; on trouve \u00e9galement des sols calcaires en Champagne et en Charente.<\/p>\n<p><strong>Carafe de d\u00e9cantation nf<\/strong><\/p>\n<p>R\u00e9cipient en verre transparent permettant aux amateurs d\u2019appr\u00e9cier la couleur du vin. On utilise la carafe pour les vins d\u00e9cant\u00e9s.<\/p>\n<p><strong>Caveau nm<\/strong><\/p>\n<p>Petite cave. Local servant \u00e0 la d\u00e9gustation et \u00e0 la vente de vins.<\/p>\n<p><strong>C\u00e9page nm<\/strong><\/p>\n<p>Mot employ\u00e9 pour d\u00e9signer la vari\u00e9t\u00e9 de vigne ou de raisin.<\/p>\n<p><strong>Chai nm<\/strong><\/p>\n<p>Lieu o\u00f9 sont emmagasin\u00e9s les vins en f\u00fbts et les eaux de vie. Le chai est construit au-dessus de la surface du sol.<\/p>\n<p><strong>Chardonnay nm<\/strong><\/p>\n<p>C\u00e9page blanc originaire de Bourgogne o\u00f9 il est le seul c\u00e9page autoris\u00e9 pour les grands vins d\u2019appellation. On le cultive aussi en Champagne. Depuis les ann\u00e9es 1960, le Chardonnay a essaim\u00e9 \u00e0 travers le monde et est presque devenu synonyme de vin blanc en Californie. Dans le meilleur des cas, il donne des vins riches, bien \u00e9quilibr\u00e9s, aromatiques et longs en bouche.<\/p>\n<p><strong>Charpente nf<\/strong><\/p>\n<p>Structure tannique d\u2019un vin. La charpente qualifie un vin de fort caract\u00e8re.<\/p>\n<p><strong>Ch\u00eane nm<\/strong><\/p>\n<p>Bois servant \u00e0 la fabrication des tonneaux. Le ch\u00eane apporte des tannins au vin. Le go\u00fbt de ch\u00eane neuf est appr\u00e9ci\u00e9 par certains d\u00e9gustateurs.<\/p>\n<p><strong>Confusion sexuelle nf<\/strong><\/p>\n<p>M\u00e9thode de lutte biotechnique contre la cochylis et l\u2019eud\u00e9mis. Elle consiste \u00e0 perturber l\u2019accouplement des papillons en les mettant en pr\u00e9sence d\u2019une quantit\u00e9 \u00e9lev\u00e9e de ph\u00e9romones. D\u00e9sorient\u00e9s, les m\u00e2les ne trouvent pas les femelles.<\/p>\n<h2>D<\/h2>\n<p><strong>D\u00e9cavaillonnage nm<\/strong><\/p>\n<p>Piochage de la bande de terre situ\u00e9e entre les ceps de vigne.<\/p>\n<p><strong>D\u00e9gustation verticale nf<\/strong><\/p>\n<p>D\u00e9gustation d\u2019un m\u00eame cru ou d\u2019une m\u00eame appellation d\u2019ann\u00e9es diff\u00e9rentes.<\/p>\n<p><strong>D\u00e9p\u00f4t<\/strong><\/p>\n<p>S\u00e9dimentation au fond de la bouteille caus\u00e9e par la chute des tanins et des pigments du vin. On peut \u00e9liminer le d\u00e9p\u00f4t en faisant d\u00e9canter le vin.<\/p>\n<h2>E<\/h2>\n<p><strong>\u00c9bourgeonnage, \u00e9pamprage nm<\/strong><\/p>\n<p>Travail de printemps consistant \u00e0 supprimer \u00e0 la main des gourmands, pousses parasites poussant sur le vieux bois. Comme elles ne sont pas fructif\u00e8res, elles nuisent au bon d\u00e9veloppement de la branche \u00e0 fruits.<\/p>\n<p><strong>Enc\u00e9pagement nm<\/strong><\/p>\n<p>Ensemble des c\u00e9pages cultiv\u00e9s dans une zone de production d\u00e9termin\u00e9e. Ce mot s\u2019applique aussi aux c\u00e9pages cultiv\u00e9s dans un domaine.<\/p>\n<p><strong>Entonnage nm<\/strong><\/p>\n<p>Mise du vin en tonneaux \u00e0 l\u2019aide d\u2019un gros entonnoir.<\/p>\n<p><strong>\u00c9raflage nm<\/strong><\/p>\n<p>S\u00e9paration des grains de raisin et des rafles avant de fouler le fruit et de mettre le mo\u00fbt dans une cuve de fermentation parce que les tannins des rafles rendraient le vin \u00e2pre.<\/p>\n<h2>F<\/h2>\n<p><strong>Fermentation (alcoolique) nf<\/strong><\/p>\n<p>Transformation du mo\u00fbt en vin d\u00e9clench\u00e9e par l\u2019action des levures. Au cours de ce processus, les mol\u00e9cules de sucre se convertissent en deux parties \u00e0 peu pr\u00e8s \u00e9gales d\u2019alcool et de gaz carbonique.<\/p>\n<p><strong>Feuillaison nf<\/strong><\/p>\n<p>Apparition des feuilles sur les pieds de vigne au printemps.<\/p>\n<p><strong>Floraison nf<\/strong><\/p>\n<p>P\u00e9riode au cours de laquelle la vigne est en fleur.<\/p>\n<p><strong>F\u00fbt nm<\/strong><\/p>\n<p>Tonneau le plus souvent en ch\u00eane utilis\u00e9 pour l\u2019\u00e9levage du vin, du cidre, du whisky et de diverses eaux-de-vie. Des vins \u00e9lev\u00e9s dans des tonneaux moisis peuvent avoir un go\u00fbt de f\u00fbt.<\/p>\n<h2>G<\/h2>\n<p><strong>Garde (vin de) nf<\/strong><\/p>\n<p>Vin qui se bonifie en vieillissant parce qu\u2019il a une bonne structure et pr\u00e9sente un bon \u00e9quilibre entre sa teneur alcoolique, ses tanins et son acidit\u00e9. Certaines ann\u00e9es sont plus que d\u2019autres des ann\u00e9es de garde.<\/p>\n<p><strong>Garrigue nf<\/strong><\/p>\n<p>Ar\u00f4mes de fleurs et d\u2019\u00e9pices rappelant la v\u00e9g\u00e9tation du Sud de la France : thym, lavandes sauvages, fenouil, romarin,\u2026<\/p>\n<p><strong>Gastronomie nf<\/strong><\/p>\n<p>Art de cuisiner et de faire bonne ch\u00e8re.<\/p>\n<p><strong>Gourmet nm<\/strong><\/p>\n<p>Connaisseur en vin et en bonne ch\u00e8re. Autrefois, les courtiers de campagne \u00e9taient d\u00e9sign\u00e9s sous le terme de courtiers-gourmets. Aujourd\u2019hui, encore, en Alsace, ils sont encore d\u00e9sign\u00e9s sous ce nom.<\/p>\n<p><strong>Gras nm<\/strong><\/p>\n<p>Terme de d\u00e9gustation tr\u00e8s positif s\u2019appliquant \u00e0 un vin \u00e0 la fois charnu, rond et cors\u00e9, riche en alcool et glyc\u00e9rine.<\/p>\n<h2>H<\/h2>\n<p><strong>Habillage nm<\/strong><\/p>\n<p>Pr\u00e9sentation de la bouteille avec la capsule, l\u2019\u00e9tiquette, le mill\u00e9sime, la contre-\u00e9tiquette, l\u2019emballage dans du papier de soie\u2026 avec l\u2019id\u00e9e de la mettre en valeur.<\/p>\n<h2>J<\/h2>\n<p><strong>J\u00e9roboam nm<\/strong><\/p>\n<p>Grosse bouteille d\u2019une contenance de trois litres, soit l\u2019\u00e9quivalent de quatre bouteilles normales.<\/p>\n<h2>L<\/h2>\n<p><strong>Labour nm<\/strong><\/p>\n<p>Fa\u00e7on donn\u00e9e \u00e0 la vigne en ouvrant et retournant la terre avec la charrue ou la houe.<\/p>\n<h2>M<\/h2>\n<p><strong>Mac\u00e9ration nf<\/strong><\/p>\n<p>\u00c9tape de la vinification en rouge (et \u00e9ventuellement en ros\u00e9) au cours de laquelle les parties solides du raisin sont laiss\u00e9es dans le mo\u00fbt, ce qui permet au vin d\u2019acqu\u00e9rir couleur, ar\u00f4mes et tanins.<\/p>\n<p><strong>Ma\u00eetre de chais nm<\/strong><\/p>\n<p>Personne charg\u00e9e de la vinification et de l\u2019\u00e9levage des vins d\u2019un domaine. Ce terme est surtout employ\u00e9 dans le Sud-Ouest de la France.<\/p>\n<p><strong>Manseng nm<\/strong><\/p>\n<p>C\u00e9page blanc li\u00e9 \u00e0 la R\u00e9gion de Juran\u00e7on au Sud-Ouest de la France. En fait, il existe deux vari\u00e9t\u00e9s de manseng : le petit manseng qui est le principal c\u00e9page du vin de dessert Juran\u00e7on et le gros manseng qui peut \u00eatre assembl\u00e9 avec le petit manseng, mais qui est plus commun\u00e9ment utilis\u00e9 pour produire du Juran\u00e7on sec. Il existe aussi un c\u00e9page manseng noir.<\/p>\n<p><strong>Maturation nf<\/strong><\/p>\n<p>Phase de d\u00e9veloppement du raisin commen\u00e7ant \u00e0 la v\u00e9raison et se terminant \u00e0 la maturation. Pendant la phase de maturation, le raisin perd de son acidit\u00e9 et se gorge de sucre, d\u2019ar\u00f4mes et de mati\u00e8re colorante.<\/p>\n<p><strong>Maturit\u00e9 nf<\/strong><\/p>\n<p>Stabilisation de la teneur en sucre et en acide du raisin, lorsque les baies contiennent le maximum de sucre et le minimum d\u2019acidit\u00e9.<\/p>\n<h2>O<\/h2>\n<p><strong>\u0152nologie nf<\/strong><\/p>\n<p>Science du vin et de la vinification. L\u2019\u0153nologie, science dont Louis Pasteur, peut \u00eatre consid\u00e9r\u00e9 comme le pionnier, a pour but de mieux connaitre le vin pour le vinifier, l\u2019\u00e9lever et le faire vieillir le mieux possible.<\/p>\n<h2>P<\/h2>\n<p><strong>Pleurs de la vigne nm<\/strong><\/p>\n<p>Gouttelettes de s\u00e8ve apparaissant \u00e0 l\u2019extr\u00e9mit\u00e9 des sarments taill\u00e9s \u00e0 la fin de l\u2019hiver, annon\u00e7ant le d\u00e9part du cycle v\u00e9g\u00e9tatif.<\/p>\n<p><strong>Pressoir \u00e0 air comprim\u00e9, pressoir pneumatique nm<\/strong><\/p>\n<p>Les raisins sont \u00e9cras\u00e9s contre la cage lors du gonflement de la chambre \u00e0 air. Ce type de pression permet de bien contr\u00f4ler le degr\u00e9 de pressurage.<\/p>\n<h2>S<\/h2>\n<p><strong>Sarment nm<\/strong><\/p>\n<p>Rameau de vigne de l\u2019ann\u00e9e. Le nom de sarment est donn\u00e9 au rameau apr\u00e8s l\u2019ao\u00fbtement.<\/p>\n<p><strong>Soutirage nm<\/strong><\/p>\n<p>T\u00e2che consistant \u00e0 s\u00e9parer le vin clair de ses lies en le transvasant dans un autre r\u00e9cipient.<\/p>\n<p><strong>Structure nf<\/strong><\/p>\n<p>Charpente d\u2019un vin, qualit\u00e9s d\u2019un vin qui a du corps mais aussi de l\u2019\u00e9quilibre entre son acidit\u00e9, son alcool et ses tanins.<\/p>\n<p><strong>Sucre r\u00e9siduel nm<\/strong><\/p>\n<p>Sucre qui n\u2019a pas \u00e9t\u00e9 transf\u00e9r\u00e9 en alcool lors de la fermentation.<\/p>\n<h2>T<\/h2>\n<p><strong>Table de tri nf<\/strong><\/p>\n<p>Tapis convoyeur sur lequel la vendange est d\u00e9vers\u00e9e \u00e0 son arriv\u00e9e dans le chai. Des trieurs \u00e9liminent tout ce qui est ind\u00e9sirable : raisin, ab\u00eem\u00e9s, pourris et verts, morceaux de sarments, feuilles et p\u00e9tioles.<\/p>\n<p><strong>Terroir nm<\/strong><\/p>\n<p>Ensemble des conditions naturelles caract\u00e9risant un vignoble donn\u00e9, susceptibles de donner naissance \u00e0 un vin original et de qualit\u00e9. La notion de terroir est un des fondements des AOC.<\/p>\n<h2>V<\/h2>\n<p><strong>Vall\u00e9e nf<\/strong><\/p>\n<p>D\u00e9pression plus ou moins allong\u00e9s, fa\u00e7onn\u00e9e par un cours d\u2019eau.<\/p>\n<p><strong>V\u00e9raison nf<\/strong><\/p>\n<p>Phase du cycle biologique de la vigne \u00e0 mi-chemin entre la nouaison et les vendanges. Le raisin perd sa chlorophylle et se colore, le raisin blanc devenant translucide et le rouge se fon\u00e7ant.<\/p>\n<p><strong>Vieillissement nm<\/strong><\/p>\n<p>Processus d\u2019\u00e9volution d\u2019un vin ou d\u2019un alcool.<\/p>\n<p><strong>Vinification nf<\/strong><\/p>\n<p>Ensemble des proc\u00e9d\u00e9s mis en \u0153uvre pour effectuer la transformation du raisin en vin.<\/p>\n<p><strong>Vinoth\u00e8que nf<\/strong><\/p>\n<p>Local o\u00f9 sont conserv\u00e9s des vieux vins, o\u00f9 l\u2019on garde des bouteilles parfois tr\u00e8s rares et tr\u00e8s anciennes.<\/p>\n\t\t\t\t\t\t\t\t<\/div>\n\t\t\t\t<\/div>\n\t\t\t\t\t<\/div>\n\t\t\t\t<\/div>\n\t\t\t\t<\/div>\n\t\t\t\t<\/div>\n\t\t\t\t\t<\/div>\n\t\t\t\t<\/div>\n\t\t\t\t<\/div>\n\t\t","protected":false},"excerpt":{"rendered":"<p>Lexique A Accompagnement nm Association d\u2019un mets et d\u2019un vin. Exemple : le vin rouge est un bon accompagnement pour la viande de b\u0153uf. Acidit\u00e9 nf Caract\u00e8re acide du vin, lui donnant sa fra\u00eecheur et du go\u00fbt \u00e0 condition qu\u2019il y ait un bon \u00e9quilibre avec les tanins et l\u2019alcool. L\u2019acidit\u00e9 joue un r\u00f4le important [&hellip;]<\/p>\n","protected":false},"author":7,"featured_media":0,"parent":0,"menu_order":0,"comment_status":"closed","ping_status":"open","template":"","meta":{"_acf_changed":false,"footnotes":""},"categories":[],"class_list":["post-1592","page","type-page","status-publish","hentry"],"acf":[],"yoast_head":"<!-- This site is optimized with the Yoast SEO plugin v27.0 - https:\/\/yoast.com\/product\/yoast-seo-wordpress\/ -->\n<title>Lexique - Daumas Gassac<\/title>\n<meta name=\"robots\" content=\"index, follow, max-snippet:-1, max-image-preview:large, max-video-preview:-1\" \/>\n<link rel=\"canonical\" href=\"https:\/\/www.daumas-gassac.com\/fr\/lexique\/\" \/>\n<meta property=\"og:locale\" content=\"fr_FR\" \/>\n<meta property=\"og:type\" content=\"article\" \/>\n<meta property=\"og:title\" content=\"Lexique - Daumas Gassac\" \/>\n<meta property=\"og:description\" content=\"Lexique A Accompagnement nm Association d\u2019un mets et d\u2019un vin. Exemple : le vin rouge est un bon accompagnement pour la viande de b\u0153uf. Acidit\u00e9 nf Caract\u00e8re acide du vin, lui donnant sa fra\u00eecheur et du go\u00fbt \u00e0 condition qu\u2019il y ait un bon \u00e9quilibre avec les tanins et l\u2019alcool. L\u2019acidit\u00e9 joue un r\u00f4le important [&hellip;]\" \/>\n<meta property=\"og:url\" content=\"https:\/\/www.daumas-gassac.com\/fr\/lexique\/\" \/>\n<meta property=\"og:site_name\" content=\"Daumas Gassac\" \/>\n<meta property=\"article:modified_time\" content=\"2024-03-12T14:45:27+00:00\" \/>\n<meta name=\"twitter:card\" content=\"summary_large_image\" \/>\n<meta name=\"twitter:label1\" content=\"Dur\u00e9e de lecture estim\u00e9e\" \/>\n\t<meta name=\"twitter:data1\" content=\"9 minutes\" \/>\n<script type=\"application\/ld+json\" class=\"yoast-schema-graph\">{\"@context\":\"https:\/\/schema.org\",\"@graph\":[{\"@type\":\"WebPage\",\"@id\":\"https:\/\/www.daumas-gassac.com\/fr\/lexique\/\",\"url\":\"https:\/\/www.daumas-gassac.com\/fr\/lexique\/\",\"name\":\"Lexique - Daumas Gassac\",\"isPartOf\":{\"@id\":\"https:\/\/www.daumas-gassac.com\/fr\/#website\"},\"datePublished\":\"2019-06-28T08:19:49+00:00\",\"dateModified\":\"2024-03-12T14:45:27+00:00\",\"breadcrumb\":{\"@id\":\"https:\/\/www.daumas-gassac.com\/fr\/lexique\/#breadcrumb\"},\"inLanguage\":\"fr-FR\",\"potentialAction\":[{\"@type\":\"ReadAction\",\"target\":[\"https:\/\/www.daumas-gassac.com\/fr\/lexique\/\"]}]},{\"@type\":\"BreadcrumbList\",\"@id\":\"https:\/\/www.daumas-gassac.com\/fr\/lexique\/#breadcrumb\",\"itemListElement\":[{\"@type\":\"ListItem\",\"position\":1,\"name\":\"Accueil\",\"item\":\"https:\/\/www.daumas-gassac.com\/fr\/\"},{\"@type\":\"ListItem\",\"position\":2,\"name\":\"Lexique\"}]},{\"@type\":\"WebSite\",\"@id\":\"https:\/\/www.daumas-gassac.com\/fr\/#website\",\"url\":\"https:\/\/www.daumas-gassac.com\/fr\/\",\"name\":\"Daumas Gassac\",\"description\":\"\",\"potentialAction\":[{\"@type\":\"SearchAction\",\"target\":{\"@type\":\"EntryPoint\",\"urlTemplate\":\"https:\/\/www.daumas-gassac.com\/fr\/?s={search_term_string}\"},\"query-input\":{\"@type\":\"PropertyValueSpecification\",\"valueRequired\":true,\"valueName\":\"search_term_string\"}}],\"inLanguage\":\"fr-FR\"}]}<\/script>\n<!-- \/ Yoast SEO plugin. -->","yoast_head_json":{"title":"Lexique - Daumas Gassac","robots":{"index":"index","follow":"follow","max-snippet":"max-snippet:-1","max-image-preview":"max-image-preview:large","max-video-preview":"max-video-preview:-1"},"canonical":"https:\/\/www.daumas-gassac.com\/fr\/lexique\/","og_locale":"fr_FR","og_type":"article","og_title":"Lexique - Daumas Gassac","og_description":"Lexique A Accompagnement nm Association d\u2019un mets et d\u2019un vin. Exemple : le vin rouge est un bon accompagnement pour la viande de b\u0153uf. Acidit\u00e9 nf Caract\u00e8re acide du vin, lui donnant sa fra\u00eecheur et du go\u00fbt \u00e0 condition qu\u2019il y ait un bon \u00e9quilibre avec les tanins et l\u2019alcool. L\u2019acidit\u00e9 joue un r\u00f4le important [&hellip;]","og_url":"https:\/\/www.daumas-gassac.com\/fr\/lexique\/","og_site_name":"Daumas Gassac","article_modified_time":"2024-03-12T14:45:27+00:00","twitter_card":"summary_large_image","twitter_misc":{"Dur\u00e9e de lecture estim\u00e9e":"9 minutes"},"schema":{"@context":"https:\/\/schema.org","@graph":[{"@type":"WebPage","@id":"https:\/\/www.daumas-gassac.com\/fr\/lexique\/","url":"https:\/\/www.daumas-gassac.com\/fr\/lexique\/","name":"Lexique - Daumas Gassac","isPartOf":{"@id":"https:\/\/www.daumas-gassac.com\/fr\/#website"},"datePublished":"2019-06-28T08:19:49+00:00","dateModified":"2024-03-12T14:45:27+00:00","breadcrumb":{"@id":"https:\/\/www.daumas-gassac.com\/fr\/lexique\/#breadcrumb"},"inLanguage":"fr-FR","potentialAction":[{"@type":"ReadAction","target":["https:\/\/www.daumas-gassac.com\/fr\/lexique\/"]}]},{"@type":"BreadcrumbList","@id":"https:\/\/www.daumas-gassac.com\/fr\/lexique\/#breadcrumb","itemListElement":[{"@type":"ListItem","position":1,"name":"Accueil","item":"https:\/\/www.daumas-gassac.com\/fr\/"},{"@type":"ListItem","position":2,"name":"Lexique"}]},{"@type":"WebSite","@id":"https:\/\/www.daumas-gassac.com\/fr\/#website","url":"https:\/\/www.daumas-gassac.com\/fr\/","name":"Daumas Gassac","description":"","potentialAction":[{"@type":"SearchAction","target":{"@type":"EntryPoint","urlTemplate":"https:\/\/www.daumas-gassac.com\/fr\/?s={search_term_string}"},"query-input":{"@type":"PropertyValueSpecification","valueRequired":true,"valueName":"search_term_string"}}],"inLanguage":"fr-FR"}]}},"_links":{"self":[{"href":"https:\/\/www.daumas-gassac.com\/fr\/wp-json\/wp\/v2\/pages\/1592","targetHints":{"allow":["GET"]}}],"collection":[{"href":"https:\/\/www.daumas-gassac.com\/fr\/wp-json\/wp\/v2\/pages"}],"about":[{"href":"https:\/\/www.daumas-gassac.com\/fr\/wp-json\/wp\/v2\/types\/page"}],"author":[{"embeddable":true,"href":"https:\/\/www.daumas-gassac.com\/fr\/wp-json\/wp\/v2\/users\/7"}],"replies":[{"embeddable":true,"href":"https:\/\/www.daumas-gassac.com\/fr\/wp-json\/wp\/v2\/comments?post=1592"}],"version-history":[{"count":15,"href":"https:\/\/www.daumas-gassac.com\/fr\/wp-json\/wp\/v2\/pages\/1592\/revisions"}],"predecessor-version":[{"id":37097,"href":"https:\/\/www.daumas-gassac.com\/fr\/wp-json\/wp\/v2\/pages\/1592\/revisions\/37097"}],"wp:attachment":[{"href":"https:\/\/www.daumas-gassac.com\/fr\/wp-json\/wp\/v2\/media?parent=1592"}],"wp:term":[{"taxonomy":"category","embeddable":true,"href":"https:\/\/www.daumas-gassac.com\/fr\/wp-json\/wp\/v2\/categories?post=1592"}],"curies":[{"name":"wp","href":"https:\/\/api.w.org\/{rel}","templated":true}]}}