{"id":33278,"date":"2019-05-20T16:32:56","date_gmt":"2019-05-20T14:32:56","guid":{"rendered":"https:\/\/www.daumas-gassac.com\/evenements\/"},"modified":"2023-09-04T22:17:42","modified_gmt":"2023-09-04T20:17:42","slug":"events","status":"publish","type":"page","link":"https:\/\/www.daumas-gassac.com\/en\/events\/","title":{"rendered":"Events"},"content":{"rendered":"\t\t<div data-elementor-type=\"wp-page\" data-elementor-id=\"33278\" class=\"elementor elementor-33278 elementor-1575\" data-elementor-post-type=\"page\">\n\t\t\t\t<div class=\"elementor-element elementor-element-5231d1e e-flex e-con-boxed e-con e-parent\" data-id=\"5231d1e\" data-element_type=\"container\" data-e-type=\"container\">\n\t\t\t\t\t<div class=\"e-con-inner\">\n\t\t<div class=\"elementor-element elementor-element-c84dd2f e-con-full e-flex e-con e-parent\" data-id=\"c84dd2f\" data-element_type=\"container\" data-e-type=\"container\" data-settings=\"{&quot;background_background&quot;:&quot;classic&quot;}\">\n\t\t\t\t<div class=\"elementor-element elementor-element-34a96dc elementor-widget elementor-widget-heading\" data-id=\"34a96dc\" data-element_type=\"widget\" data-e-type=\"widget\" data-widget_type=\"heading.default\">\n\t\t\t\t<div class=\"elementor-widget-container\">\n\t\t\t\t\t<h1 class=\"elementor-heading-title elementor-size-default\">Events<\/h1>\t\t\t\t<\/div>\n\t\t\t\t<\/div>\n\t\t\t\t<div class=\"elementor-element elementor-element-e700daf elementor-widget-divider--view-line elementor-widget elementor-widget-divider\" data-id=\"e700daf\" data-element_type=\"widget\" data-e-type=\"widget\" data-widget_type=\"divider.default\">\n\t\t\t\t<div class=\"elementor-widget-container\">\n\t\t\t\t\t\t\t<div class=\"elementor-divider\">\n\t\t\t<span class=\"elementor-divider-separator\">\n\t\t\t\t\t\t<\/span>\n\t\t<\/div>\n\t\t\t\t\t\t<\/div>\n\t\t\t\t<\/div>\n\t\t\t\t<div class=\"elementor-element elementor-element-9049839 elementor-widget elementor-widget-text-editor\" data-id=\"9049839\" data-element_type=\"widget\" data-e-type=\"widget\" data-widget_type=\"text-editor.default\">\n\t\t\t\t<div class=\"elementor-widget-container\">\n\t\t\t\t\t\t\t\t\t<p><span lang=\"en-US\">Through our actions and our commitments, we act to promote cultural, artistic or oenological events which we are empathetic with. Through these different commitments, we also want to stay awake on what is happening outside our land\u2026<\/span><\/p>\t\t\t\t\t\t\t\t<\/div>\n\t\t\t\t<\/div>\n\t\t\t\t<div class=\"elementor-element elementor-element-28dd0a8 elementor-view-default elementor-widget elementor-widget-icon\" data-id=\"28dd0a8\" data-element_type=\"widget\" data-e-type=\"widget\" data-widget_type=\"icon.default\">\n\t\t\t\t<div class=\"elementor-widget-container\">\n\t\t\t\t\t\t\t<div class=\"elementor-icon-wrapper\">\n\t\t\t<a class=\"elementor-icon\" href=\"#first\">\n\t\t\t<svg xmlns=\"http:\/\/www.w3.org\/2000\/svg\" width=\"32\" height=\"17\" viewBox=\"0 0 32 17\" fill=\"none\"><path d=\"M0.249572 1.40128C0.170612 1.3262 0.107837 1.23633 0.0649657 1.13699C0.0220942 1.03766 3.29597e-06 0.930895 3.30558e-06 0.823031C3.3152e-06 0.715167 0.0220942 0.6084 0.0649657 0.509069C0.107837 0.409736 0.170612 0.319862 0.249572 0.244779C0.326128 0.167337 0.417764 0.105769 0.519044 0.0637218C0.620323 0.0216762 0.729183 8.76288e-06 0.839162 8.77231e-06C0.94914 8.78174e-06 1.058 0.0216763 1.15928 0.0637219C1.26056 0.105769 1.3522 0.167337 1.42875 0.244779L16 14.5152L30.5713 0.244781C30.6478 0.167339 30.7394 0.105772 30.8407 0.0637244C30.942 0.0216788 31.0509 1.13627e-05 31.1608 1.13721e-05C31.2708 1.13816e-05 31.3797 0.0216789 31.481 0.0637245C31.5822 0.105772 31.6739 0.167339 31.7504 0.244781C31.8294 0.319864 31.8922 0.409739 31.935 0.509071C31.9779 0.608402 32 0.71517 32 0.823033C32 0.930898 31.9779 1.03766 31.935 1.137C31.8922 1.23633 31.8294 1.3262 31.7504 1.40128L17.2002 15.6923C16 16.7731 16 16.7903 14.7998 15.6923L0.249572 1.40128Z\" fill=\"white\"><\/path><\/svg>\t\t\t<\/a>\n\t\t<\/div>\n\t\t\t\t\t\t<\/div>\n\t\t\t\t<\/div>\n\t\t\t\t<\/div>\n\t\t\t\t\t<\/div>\n\t\t\t\t<\/div>\n\t\t<div class=\"elementor-element elementor-element-c846346 wrap-content e-flex e-con-boxed e-con e-parent\" data-id=\"c846346\" data-element_type=\"container\" data-e-type=\"container\">\n\t\t\t\t\t<div class=\"e-con-inner\">\n\t\t<div class=\"elementor-element elementor-element-a3be785 e-con-full wrap-left e-flex e-con e-parent\" data-id=\"a3be785\" data-element_type=\"container\" data-e-type=\"container\" data-settings=\"{&quot;background_background&quot;:&quot;classic&quot;}\">\n\t\t<div class=\"elementor-element elementor-element-09f2ca9 e-con-full e-flex e-con e-parent\" data-id=\"09f2ca9\" data-element_type=\"container\" data-e-type=\"container\" data-settings=\"{&quot;background_background&quot;:&quot;classic&quot;}\">\n\t\t<div class=\"elementor-element elementor-element-5590ff6 e-flex e-con-boxed e-con e-parent\" data-id=\"5590ff6\" data-element_type=\"container\" data-e-type=\"container\">\n\t\t\t\t\t<div class=\"e-con-inner\">\n\t\t<a class=\"elementor-element elementor-element-921a158 e-flex e-con-boxed e-con e-parent\" data-id=\"921a158\" data-element_type=\"container\" data-e-type=\"container\" data-settings=\"{&quot;background_background&quot;:&quot;classic&quot;}\" href=\"https:\/\/www.daumas-gassac.com\/en\/wine-fairs\/\">\n\t\t\t\t\t<div class=\"e-con-inner\">\n\t\t\t\t<div class=\"elementor-element elementor-element-7c28496 elementor-widget elementor-widget-heading\" data-id=\"7c28496\" data-element_type=\"widget\" data-e-type=\"widget\" data-widget_type=\"heading.default\">\n\t\t\t\t<div class=\"elementor-widget-container\">\n\t\t\t\t\t<div class=\"elementor-heading-title elementor-size-default\">Wine fairs<\/div>\t\t\t\t<\/div>\n\t\t\t\t<\/div>\n\t\t\t\t\t<\/div>\n\t\t\t\t<\/a>\n\t\t<a class=\"elementor-element elementor-element-8417811 e-flex e-con-boxed e-con e-parent\" data-id=\"8417811\" data-element_type=\"container\" data-e-type=\"container\" data-settings=\"{&quot;background_background&quot;:&quot;classic&quot;}\" href=\"https:\/\/www.daumas-gassac.com\/en\/jazz-under-the-stars\/\">\n\t\t\t\t\t<div class=\"e-con-inner\">\n\t\t\t\t<div class=\"elementor-element elementor-element-89be432 elementor-widget elementor-widget-heading\" data-id=\"89be432\" data-element_type=\"widget\" data-e-type=\"widget\" data-widget_type=\"heading.default\">\n\t\t\t\t<div class=\"elementor-widget-container\">\n\t\t\t\t\t<div class=\"elementor-heading-title elementor-size-default\">Jazz under \nthe stars<\/div>\t\t\t\t<\/div>\n\t\t\t\t<\/div>\n\t\t\t\t\t<\/div>\n\t\t\t\t<\/a>\n\t\t<a class=\"elementor-element elementor-element-609d5c6 e-flex e-con-boxed e-con e-parent\" data-id=\"609d5c6\" data-element_type=\"container\" data-e-type=\"container\" data-settings=\"{&quot;background_background&quot;:&quot;classic&quot;}\" href=\"https:\/\/www.daumas-gassac.com\/en\/walk-in-vineyard\/\">\n\t\t\t\t\t<div class=\"e-con-inner\">\n\t\t\t\t<div class=\"elementor-element elementor-element-37edfb9 elementor-widget elementor-widget-heading\" data-id=\"37edfb9\" data-element_type=\"widget\" data-e-type=\"widget\" data-widget_type=\"heading.default\">\n\t\t\t\t<div class=\"elementor-widget-container\">\n\t\t\t\t\t<div class=\"elementor-heading-title elementor-size-default\">WALK IN  WINEYARD<\/div>\t\t\t\t<\/div>\n\t\t\t\t<\/div>\n\t\t\t\t\t<\/div>\n\t\t\t\t<\/a>\n\t\t<a class=\"elementor-element elementor-element-455f2b1 e-flex e-con-boxed e-con e-parent\" data-id=\"455f2b1\" data-element_type=\"container\" data-e-type=\"container\" data-settings=\"{&quot;background_background&quot;:&quot;classic&quot;}\" href=\"https:\/\/www.daumas-gassac.com\/en\/vertical-tasting\/\">\n\t\t\t\t\t<div class=\"e-con-inner\">\n\t\t\t\t<div class=\"elementor-element elementor-element-eed0699 elementor-widget elementor-widget-heading\" data-id=\"eed0699\" data-element_type=\"widget\" data-e-type=\"widget\" data-widget_type=\"heading.default\">\n\t\t\t\t<div class=\"elementor-widget-container\">\n\t\t\t\t\t<div class=\"elementor-heading-title elementor-size-default\">VERTICAL TASTING<\/div>\t\t\t\t<\/div>\n\t\t\t\t<\/div>\n\t\t\t\t\t<\/div>\n\t\t\t\t<\/a>\n\t\t<a class=\"elementor-element elementor-element-a67d9b0 e-flex e-con-boxed e-con e-parent\" data-id=\"a67d9b0\" data-element_type=\"container\" data-e-type=\"container\" data-settings=\"{&quot;background_background&quot;:&quot;classic&quot;}\" href=\"https:\/\/www.daumas-gassac.com\/en\/our-commitments\/\">\n\t\t\t\t\t<div class=\"e-con-inner\">\n\t\t\t\t<div class=\"elementor-element elementor-element-18a9f2d elementor-widget elementor-widget-heading\" data-id=\"18a9f2d\" data-element_type=\"widget\" data-e-type=\"widget\" data-widget_type=\"heading.default\">\n\t\t\t\t<div class=\"elementor-widget-container\">\n\t\t\t\t\t<div class=\"elementor-heading-title elementor-size-default\">OUR COMMITMENTS<\/div>\t\t\t\t<\/div>\n\t\t\t\t<\/div>\n\t\t\t\t\t<\/div>\n\t\t\t\t<\/a>\n\t\t\t\t\t<\/div>\n\t\t\t\t<\/div>\n\t\t\t\t<\/div>\n\t\t\t\t<\/div>\n\t\t<div class=\"elementor-element elementor-element-dc03821 e-con-full wrap-right barre-laterale elementor-hidden-tablet elementor-hidden-mobile e-flex e-con e-parent\" data-id=\"dc03821\" data-element_type=\"container\" data-e-type=\"container\">\n\t\t<div class=\"elementor-element elementor-element-24789c1 e-flex e-con-boxed e-con e-parent\" data-id=\"24789c1\" data-element_type=\"container\" data-e-type=\"container\" data-settings=\"{&quot;sticky&quot;:&quot;top&quot;,&quot;sticky_on&quot;:[&quot;desktop&quot;,&quot;tablet&quot;,&quot;mobile&quot;],&quot;sticky_offset&quot;:0,&quot;sticky_effects_offset&quot;:0,&quot;sticky_anchor_link_offset&quot;:0}\">\n\t\t\t\t\t<div class=\"e-con-inner\">\n\t\t\t\t<div class=\"elementor-element elementor-element-2c16aa1 menu-lateral elementor-nav-menu--dropdown-tablet elementor-nav-menu__text-align-aside elementor-nav-menu--toggle elementor-nav-menu--burger elementor-widget elementor-widget-nav-menu\" data-id=\"2c16aa1\" data-element_type=\"widget\" data-e-type=\"widget\" data-settings=\"{&quot;layout&quot;:&quot;vertical&quot;,&quot;submenu_icon&quot;:{&quot;value&quot;:&quot;&lt;i class=\\&quot;fas fa-caret-down\\&quot; aria-hidden=\\&quot;true\\&quot;&gt;&lt;\\\/i&gt;&quot;,&quot;library&quot;:&quot;fa-solid&quot;},&quot;toggle&quot;:&quot;burger&quot;}\" data-widget_type=\"nav-menu.default\">\n\t\t\t\t<div class=\"elementor-widget-container\">\n\t\t\t\t\t\t\t\t<nav aria-label=\"Menu\" class=\"elementor-nav-menu--main elementor-nav-menu__container elementor-nav-menu--layout-vertical e--pointer-none\">\n\t\t\t\t<ul id=\"menu-1-2c16aa1\" class=\"elementor-nav-menu sm-vertical\"><li class=\"menu-item menu-item-type-post_type menu-item-object-page menu-item-28026\"><a href=\"https:\/\/www.daumas-gassac.com\/fr\/salons\/\" class=\"elementor-item\">Wine fairs<\/a><\/li>\n<li class=\"menu-item menu-item-type-post_type menu-item-object-page menu-item-28027\"><a href=\"https:\/\/www.daumas-gassac.com\/fr\/jazz-sous-les-etoiles\/\" class=\"elementor-item\">Jazz under the stars<\/a><\/li>\n<li class=\"menu-item menu-item-type-post_type menu-item-object-page menu-item-26284\"><a href=\"https:\/\/www.daumas-gassac.com\/fr\/balades-vigneronnes\/\" class=\"elementor-item\">Walk in vineyard<\/a><\/li>\n<li class=\"menu-item menu-item-type-post_type menu-item-object-page menu-item-26285\"><a href=\"https:\/\/www.daumas-gassac.com\/fr\/degustation-verticale\/\" class=\"elementor-item\">Vertical Tasting<\/a><\/li>\n<li class=\"menu-item menu-item-type-post_type menu-item-object-page menu-item-26282\"><a href=\"https:\/\/www.daumas-gassac.com\/fr\/partenariats\/\" class=\"elementor-item\">Our commitments<\/a><\/li>\n<\/ul>\t\t\t<\/nav>\n\t\t\t\t\t<div class=\"elementor-menu-toggle\" role=\"button\" tabindex=\"0\" aria-label=\"Menu Toggle\" aria-expanded=\"false\">\n\t\t\t<i aria-hidden=\"true\" role=\"presentation\" class=\"elementor-menu-toggle__icon--open eicon-menu-bar\"><\/i><i aria-hidden=\"true\" role=\"presentation\" class=\"elementor-menu-toggle__icon--close eicon-close\"><\/i>\t\t<\/div>\n\t\t\t\t\t<nav class=\"elementor-nav-menu--dropdown elementor-nav-menu__container\" aria-hidden=\"true\">\n\t\t\t\t<ul id=\"menu-2-2c16aa1\" class=\"elementor-nav-menu sm-vertical\"><li class=\"menu-item menu-item-type-post_type menu-item-object-page menu-item-28026\"><a href=\"https:\/\/www.daumas-gassac.com\/fr\/salons\/\" class=\"elementor-item\" tabindex=\"-1\">Wine fairs<\/a><\/li>\n<li class=\"menu-item menu-item-type-post_type menu-item-object-page menu-item-28027\"><a href=\"https:\/\/www.daumas-gassac.com\/fr\/jazz-sous-les-etoiles\/\" class=\"elementor-item\" tabindex=\"-1\">Jazz under the stars<\/a><\/li>\n<li class=\"menu-item menu-item-type-post_type menu-item-object-page menu-item-26284\"><a href=\"https:\/\/www.daumas-gassac.com\/fr\/balades-vigneronnes\/\" class=\"elementor-item\" tabindex=\"-1\">Walk in vineyard<\/a><\/li>\n<li class=\"menu-item menu-item-type-post_type menu-item-object-page menu-item-26285\"><a href=\"https:\/\/www.daumas-gassac.com\/fr\/degustation-verticale\/\" class=\"elementor-item\" tabindex=\"-1\">Vertical Tasting<\/a><\/li>\n<li class=\"menu-item menu-item-type-post_type menu-item-object-page menu-item-26282\"><a href=\"https:\/\/www.daumas-gassac.com\/fr\/partenariats\/\" class=\"elementor-item\" tabindex=\"-1\">Our commitments<\/a><\/li>\n<\/ul>\t\t\t<\/nav>\n\t\t\t\t\t\t<\/div>\n\t\t\t\t<\/div>\n\t\t\t\t\t<\/div>\n\t\t\t\t<\/div>\n\t\t\t\t<\/div>\n\t\t\t\t\t<\/div>\n\t\t\t\t<\/div>\n\t\t\t\t<\/div>\n\t\t","protected":false},"excerpt":{"rendered":"<p>Events Through our actions and our commitments, we act to promote cultural, artistic or oenological events which we are empathetic with. Through these different commitments, we also want to stay awake on what is happening outside our land\u2026 Wine fairs Jazz under the stars WALK IN WINEYARD VERTICAL TASTING OUR COMMITMENTS<\/p>\n","protected":false},"author":7,"featured_media":0,"parent":0,"menu_order":0,"comment_status":"closed","ping_status":"open","template":"","meta":{"_acf_changed":false,"footnotes":""},"categories":[],"class_list":["post-33278","page","type-page","status-publish","hentry"],"acf":[],"yoast_head":"<!-- This site is optimized with the Yoast SEO plugin v27.0 - https:\/\/yoast.com\/product\/yoast-seo-wordpress\/ -->\n<title>Events - Au coeur de la Vall\u00e9e du Gassac, \u00e0 Aniane<\/title>\n<meta name=\"description\" content=\"Partager notre passion avec des amateurs de vins \u00e0 travers plusieurs \u00e9v\u00e8nements organis\u00e9s au coeur de la Vall\u00e9e du Gassac \u00e0 Aniane.\" \/>\n<meta name=\"robots\" content=\"index, follow, max-snippet:-1, max-image-preview:large, max-video-preview:-1\" \/>\n<link rel=\"canonical\" href=\"https:\/\/www.daumas-gassac.com\/en\/events\/\" \/>\n<meta property=\"og:locale\" content=\"en_US\" \/>\n<meta property=\"og:type\" content=\"article\" \/>\n<meta property=\"og:title\" content=\"Events - Au coeur de la Vall\u00e9e du Gassac, \u00e0 Aniane\" \/>\n<meta property=\"og:description\" content=\"Partager notre passion avec des amateurs de vins \u00e0 travers plusieurs \u00e9v\u00e8nements organis\u00e9s au coeur de la Vall\u00e9e du Gassac \u00e0 Aniane.\" \/>\n<meta property=\"og:url\" content=\"https:\/\/www.daumas-gassac.com\/en\/events\/\" \/>\n<meta property=\"og:site_name\" content=\"Daumas Gassac\" \/>\n<meta property=\"article:modified_time\" content=\"2023-09-04T20:17:42+00:00\" \/>\n<meta name=\"twitter:card\" content=\"summary_large_image\" \/>\n<meta name=\"twitter:label1\" content=\"Est. reading time\" \/>\n\t<meta name=\"twitter:data1\" content=\"1 minute\" \/>\n<script type=\"application\/ld+json\" class=\"yoast-schema-graph\">{\"@context\":\"https:\/\/schema.org\",\"@graph\":[{\"@type\":\"WebPage\",\"@id\":\"https:\/\/www.daumas-gassac.com\/en\/events\/\",\"url\":\"https:\/\/www.daumas-gassac.com\/en\/events\/\",\"name\":\"Events - Au coeur de la Vall\u00e9e du Gassac, \u00e0 Aniane\",\"isPartOf\":{\"@id\":\"https:\/\/www.daumas-gassac.com\/en\/#website\"},\"datePublished\":\"2019-05-20T14:32:56+00:00\",\"dateModified\":\"2023-09-04T20:17:42+00:00\",\"description\":\"Partager notre passion avec des amateurs de vins \u00e0 travers plusieurs \u00e9v\u00e8nements organis\u00e9s au coeur de la Vall\u00e9e du Gassac \u00e0 Aniane.\",\"breadcrumb\":{\"@id\":\"https:\/\/www.daumas-gassac.com\/en\/events\/#breadcrumb\"},\"inLanguage\":\"en-US\",\"potentialAction\":[{\"@type\":\"ReadAction\",\"target\":[\"https:\/\/www.daumas-gassac.com\/en\/events\/\"]}]},{\"@type\":\"BreadcrumbList\",\"@id\":\"https:\/\/www.daumas-gassac.com\/en\/events\/#breadcrumb\",\"itemListElement\":[{\"@type\":\"ListItem\",\"position\":1,\"name\":\"Home\",\"item\":\"https:\/\/www.daumas-gassac.com\/en\/\"},{\"@type\":\"ListItem\",\"position\":2,\"name\":\"Events\"}]},{\"@type\":\"WebSite\",\"@id\":\"https:\/\/www.daumas-gassac.com\/en\/#website\",\"url\":\"https:\/\/www.daumas-gassac.com\/en\/\",\"name\":\"Daumas Gassac\",\"description\":\"\",\"potentialAction\":[{\"@type\":\"SearchAction\",\"target\":{\"@type\":\"EntryPoint\",\"urlTemplate\":\"https:\/\/www.daumas-gassac.com\/en\/?s={search_term_string}\"},\"query-input\":{\"@type\":\"PropertyValueSpecification\",\"valueRequired\":true,\"valueName\":\"search_term_string\"}}],\"inLanguage\":\"en-US\"}]}<\/script>\n<!-- \/ Yoast SEO plugin. -->","yoast_head_json":{"title":"Events - Au coeur de la Vall\u00e9e du Gassac, \u00e0 Aniane","description":"Partager notre passion avec des amateurs de vins \u00e0 travers plusieurs \u00e9v\u00e8nements organis\u00e9s au coeur de la Vall\u00e9e du Gassac \u00e0 Aniane.","robots":{"index":"index","follow":"follow","max-snippet":"max-snippet:-1","max-image-preview":"max-image-preview:large","max-video-preview":"max-video-preview:-1"},"canonical":"https:\/\/www.daumas-gassac.com\/en\/events\/","og_locale":"en_US","og_type":"article","og_title":"Events - Au coeur de la Vall\u00e9e du Gassac, \u00e0 Aniane","og_description":"Partager notre passion avec des amateurs de vins \u00e0 travers plusieurs \u00e9v\u00e8nements organis\u00e9s au coeur de la Vall\u00e9e du Gassac \u00e0 Aniane.","og_url":"https:\/\/www.daumas-gassac.com\/en\/events\/","og_site_name":"Daumas Gassac","article_modified_time":"2023-09-04T20:17:42+00:00","twitter_card":"summary_large_image","twitter_misc":{"Est. reading time":"1 minute"},"schema":{"@context":"https:\/\/schema.org","@graph":[{"@type":"WebPage","@id":"https:\/\/www.daumas-gassac.com\/en\/events\/","url":"https:\/\/www.daumas-gassac.com\/en\/events\/","name":"Events - Au coeur de la Vall\u00e9e du Gassac, \u00e0 Aniane","isPartOf":{"@id":"https:\/\/www.daumas-gassac.com\/en\/#website"},"datePublished":"2019-05-20T14:32:56+00:00","dateModified":"2023-09-04T20:17:42+00:00","description":"Partager notre passion avec des amateurs de vins \u00e0 travers plusieurs \u00e9v\u00e8nements organis\u00e9s au coeur de la Vall\u00e9e du Gassac \u00e0 Aniane.","breadcrumb":{"@id":"https:\/\/www.daumas-gassac.com\/en\/events\/#breadcrumb"},"inLanguage":"en-US","potentialAction":[{"@type":"ReadAction","target":["https:\/\/www.daumas-gassac.com\/en\/events\/"]}]},{"@type":"BreadcrumbList","@id":"https:\/\/www.daumas-gassac.com\/en\/events\/#breadcrumb","itemListElement":[{"@type":"ListItem","position":1,"name":"Home","item":"https:\/\/www.daumas-gassac.com\/en\/"},{"@type":"ListItem","position":2,"name":"Events"}]},{"@type":"WebSite","@id":"https:\/\/www.daumas-gassac.com\/en\/#website","url":"https:\/\/www.daumas-gassac.com\/en\/","name":"Daumas Gassac","description":"","potentialAction":[{"@type":"SearchAction","target":{"@type":"EntryPoint","urlTemplate":"https:\/\/www.daumas-gassac.com\/en\/?s={search_term_string}"},"query-input":{"@type":"PropertyValueSpecification","valueRequired":true,"valueName":"search_term_string"}}],"inLanguage":"en-US"}]}},"_links":{"self":[{"href":"https:\/\/www.daumas-gassac.com\/en\/wp-json\/wp\/v2\/pages\/33278","targetHints":{"allow":["GET"]}}],"collection":[{"href":"https:\/\/www.daumas-gassac.com\/en\/wp-json\/wp\/v2\/pages"}],"about":[{"href":"https:\/\/www.daumas-gassac.com\/en\/wp-json\/wp\/v2\/types\/page"}],"author":[{"embeddable":true,"href":"https:\/\/www.daumas-gassac.com\/en\/wp-json\/wp\/v2\/users\/7"}],"replies":[{"embeddable":true,"href":"https:\/\/www.daumas-gassac.com\/en\/wp-json\/wp\/v2\/comments?post=33278"}],"version-history":[{"count":10,"href":"https:\/\/www.daumas-gassac.com\/en\/wp-json\/wp\/v2\/pages\/33278\/revisions"}],"predecessor-version":[{"id":34674,"href":"https:\/\/www.daumas-gassac.com\/en\/wp-json\/wp\/v2\/pages\/33278\/revisions\/34674"}],"wp:attachment":[{"href":"https:\/\/www.daumas-gassac.com\/en\/wp-json\/wp\/v2\/media?parent=33278"}],"wp:term":[{"taxonomy":"category","embeddable":true,"href":"https:\/\/www.daumas-gassac.com\/en\/wp-json\/wp\/v2\/categories?post=33278"}],"curies":[{"name":"wp","href":"https:\/\/api.w.org\/{rel}","templated":true}]}}