{"id":210,"date":"2019-06-28T10:19:49","date_gmt":"2019-06-28T08:19:49","guid":{"rendered":"https:\/\/www.daumas-gassac.com\/?page_id=210"},"modified":"2024-03-12T15:45:54","modified_gmt":"2024-03-12T14:45:54","slug":"glossary","status":"publish","type":"page","link":"https:\/\/www.daumas-gassac.com\/en\/glossary\/","title":{"rendered":"Glossary"},"content":{"rendered":"\t\t<div data-elementor-type=\"wp-post\" data-elementor-id=\"210\" class=\"elementor elementor-210 elementor-1592\" data-elementor-post-type=\"page\">\n\t\t\t\t<div class=\"elementor-element elementor-element-7485c34 e-flex e-con-boxed e-con e-parent\" data-id=\"7485c34\" data-element_type=\"container\" data-e-type=\"container\">\n\t\t\t\t\t<div class=\"e-con-inner\">\n\t\t<div class=\"elementor-element elementor-element-a1b4e31 e-con-full e-flex e-con e-child\" data-id=\"a1b4e31\" data-element_type=\"container\" data-e-type=\"container\" data-settings=\"{&quot;background_background&quot;:&quot;classic&quot;}\">\n\t\t\t\t<div class=\"elementor-element elementor-element-cc8cc71 elementor-widget elementor-widget-heading\" data-id=\"cc8cc71\" data-element_type=\"widget\" data-e-type=\"widget\" data-widget_type=\"heading.default\">\n\t\t\t\t<div class=\"elementor-widget-container\">\n\t\t\t\t\t<h1 class=\"elementor-heading-title elementor-size-default\">Glossary<\/h1>\t\t\t\t<\/div>\n\t\t\t\t<\/div>\n\t\t\t\t<div class=\"elementor-element elementor-element-c183a8b elementor-widget-divider--view-line elementor-widget elementor-widget-divider\" data-id=\"c183a8b\" data-element_type=\"widget\" data-e-type=\"widget\" data-widget_type=\"divider.default\">\n\t\t\t\t<div class=\"elementor-widget-container\">\n\t\t\t\t\t\t\t<div class=\"elementor-divider\">\n\t\t\t<span class=\"elementor-divider-separator\">\n\t\t\t\t\t\t<\/span>\n\t\t<\/div>\n\t\t\t\t\t\t<\/div>\n\t\t\t\t<\/div>\n\t\t\t\t<div class=\"elementor-element elementor-element-5a7e6a6 elementor-view-default elementor-widget elementor-widget-icon\" data-id=\"5a7e6a6\" data-element_type=\"widget\" data-e-type=\"widget\" data-widget_type=\"icon.default\">\n\t\t\t\t<div class=\"elementor-widget-container\">\n\t\t\t\t\t\t\t<div class=\"elementor-icon-wrapper\">\n\t\t\t<a class=\"elementor-icon\" href=\"#first\">\n\t\t\t<svg xmlns=\"http:\/\/www.w3.org\/2000\/svg\" width=\"32\" height=\"17\" viewBox=\"0 0 32 17\" fill=\"none\"><path d=\"M0.249572 1.40128C0.170612 1.3262 0.107837 1.23633 0.0649657 1.13699C0.0220942 1.03766 3.29597e-06 0.930895 3.30558e-06 0.823031C3.3152e-06 0.715167 0.0220942 0.6084 0.0649657 0.509069C0.107837 0.409736 0.170612 0.319862 0.249572 0.244779C0.326128 0.167337 0.417764 0.105769 0.519044 0.0637218C0.620323 0.0216762 0.729183 8.76288e-06 0.839162 8.77231e-06C0.94914 8.78174e-06 1.058 0.0216763 1.15928 0.0637219C1.26056 0.105769 1.3522 0.167337 1.42875 0.244779L16 14.5152L30.5713 0.244781C30.6478 0.167339 30.7394 0.105772 30.8407 0.0637244C30.942 0.0216788 31.0509 1.13627e-05 31.1608 1.13721e-05C31.2708 1.13816e-05 31.3797 0.0216789 31.481 0.0637245C31.5822 0.105772 31.6739 0.167339 31.7504 0.244781C31.8294 0.319864 31.8922 0.409739 31.935 0.509071C31.9779 0.608402 32 0.71517 32 0.823033C32 0.930898 31.9779 1.03766 31.935 1.137C31.8922 1.23633 31.8294 1.3262 31.7504 1.40128L17.2002 15.6923C16 16.7731 16 16.7903 14.7998 15.6923L0.249572 1.40128Z\" fill=\"white\"><\/path><\/svg>\t\t\t<\/a>\n\t\t<\/div>\n\t\t\t\t\t\t<\/div>\n\t\t\t\t<\/div>\n\t\t\t\t<\/div>\n\t\t\t\t\t<\/div>\n\t\t\t\t<\/div>\n\t\t<div class=\"elementor-element elementor-element-f39d2ee wrap-content e-flex e-con-boxed e-con e-parent\" data-id=\"f39d2ee\" data-element_type=\"container\" data-e-type=\"container\" id=\"first\">\n\t\t\t\t\t<div class=\"e-con-inner\">\n\t\t<div class=\"elementor-element elementor-element-9beb08c e-con-full wrap-left e-flex e-con e-child\" data-id=\"9beb08c\" data-element_type=\"container\" data-e-type=\"container\" data-settings=\"{&quot;background_background&quot;:&quot;classic&quot;}\">\n\t\t<div class=\"elementor-element elementor-element-327255a e-con-full e-flex e-con e-child\" data-id=\"327255a\" data-element_type=\"container\" data-e-type=\"container\" data-settings=\"{&quot;background_background&quot;:&quot;classic&quot;}\">\n\t\t<div class=\"elementor-element elementor-element-b20f891 e-flex e-con-boxed e-con e-child\" data-id=\"b20f891\" data-element_type=\"container\" data-e-type=\"container\">\n\t\t\t\t\t<div class=\"e-con-inner\">\n\t\t\t\t<div class=\"elementor-element elementor-element-0bfa3b8 elementor-widget elementor-widget-text-editor\" data-id=\"0bfa3b8\" data-element_type=\"widget\" data-e-type=\"widget\" data-widget_type=\"text-editor.default\">\n\t\t\t\t<div class=\"elementor-widget-container\">\n\t\t\t\t\t\t\t\t\t<h2>A<\/h2><p><strong>Acidity<\/strong><\/p><p>A naturally occuring component of every wine; the level of perceived sharpness; a key element to a wine\u2019s longevity; a leading determinant of balance.<\/p><p><strong>Aging<\/strong><\/p><p>Holding wine in barrels, tanks, and bottles to advance them to a more desirable state.<\/p><p><strong>Alcoholic fermentation<\/strong><\/p><p>Also called primary fermentation, this is the process in which yeasts metabolize grape sugars and produce alcohol, carbon dioxide and heat. The final product is wine.<\/p><p><strong>Ampelography<\/strong><\/p><p>It is the field of botany concerned with the identification and classification of grapevines. Traditionally this has been done by comparing the shape and color of the vine leaves and grape berries; more recently the study of vines has been revolutionized by DNA fingerprinting.<\/p><p><strong>Appellation<\/strong><\/p><p>A delineated wine producing region particular to France<\/p><p><strong>Aroma<\/strong><\/p><p>The smell of wine, especially young wine (different than \u201cbouquet\u201d)<\/p><p><strong>Aroma (tertiary)<\/strong><\/p><p>Tertiary aromas is a wine tasting descriptor that refers to aromas in wine that are the result of bottle aging.<\/p><p><strong>Astringent<\/strong><\/p><p>Tasting term noting the harsh, bitter, and drying sensations in the mouth caused by high levels of tannin.<\/p><p><strong>Attachage<\/strong><\/p><p>French term for tying vine branches (or cordons) to the horizontal trellising wires in a vine-training system.<\/p><p><strong>Attack<\/strong><\/p><p>First impact of a wine. Austere &#8211; hard, high acid wines that lack depth and roundness. Said of young wines that may soften with age.<\/p><h2>B<\/h2><p><strong>Balthazar<\/strong><\/p><p>An oversized bottle which can hold the equivalent of 12-16 standard sized bottles.<\/p><p><strong>Barrel<\/strong><\/p><p>Wood container of different capacities. It is used to contain wine or different kind of alcohol. Frenck oak barrel, acacia or chestnut tree used to store, to carry or to make wine. For example 225L in region of Bordeaux, 232L in Touraine region, 228L in Bourgogne region..<\/p><p><strong>Berry<\/strong><\/p><p>An individual grape is called a berry by grapegrowers..<\/p><p><strong>Bleeding of the vine<\/strong><\/p><p>The phenomenon of sap being expelled from an open pruning wound on the grapevine that often happens during early spring. This is often a sign of good health for the vine. Also known as weeping.<\/p><p><strong>Blossoming<\/strong><\/p><p>The time and process of budding and unfolding of blossoms.<\/p><p><strong>Bud<\/strong><\/p><p>A bud is a small pointed lump that appears on a tree or plant and develops into a leaf or flower.<\/p><h2>C<\/h2><p><strong>Cabernet Sauvignon<\/strong><\/p><p>It is one of the world&#8217;s most widely recognized red wine grape varieties. It is grown in nearly every major wine producing country among a diverse spectrum of climates<\/p><p><strong>Cellar<\/strong><\/p><p>The area of the winery where point of sale purchases occur. This can be a tasting room or a separate sales area.<\/p><p><strong>Chardonnay<\/strong><\/p><p>It is a green-skinned grape variety used in the production of white wine. The variety originated in the Burgundy wine region of eastern France, but is now grown wherever wine is produced, from England to New Zealand.<\/p><p><strong>Corked<\/strong><\/p><p>A term that denotes a wine that has suffered cork taint (not wine with cork particles floating about).<\/p><h2>D<\/h2><p><strong>Destemming<\/strong><\/p><p>Separating the stalks (the stems of the bunches) from the grape berries before they are placed in the fermentation tank. Can help avoid vegetable flavors and rustic or harsh tannins.<\/p><p><strong>Disbudding<\/strong><\/p><p>The removal of all the buds or burgeoning branches that could create too much weight on the vine (detrimental to harvest quality).<\/p><h2>E<\/h2><p><strong>Encepagement<\/strong><\/p><p>A French term used to describe the relative proportions of different grape varieties at a wine estate. In Bordeaux, encepagement is related to the different parcels of land depending on the soil, micro-climates and sun exposure. It also varies depending on the style of wine required.<\/p><h2>G<\/h2><p><strong>Gastronomy<\/strong><\/p><p>The art or science of good eating.<\/p><p><strong>Gourmet<\/strong><\/p><p>Add the word gourmet to any food or drink and it feels fancier, more upscale, and generally more desirable. But gourmet is less about the food than it is about the person who is the subject of the word. Gourmet (pronounced gor-MAY) is a term for a food connoisseur. Gourmets are also known as foodies.<\/p><p><strong>Grape Variety<\/strong><\/p><p>A type of grape.<\/p><h2>J<\/h2><p><strong>Jeroboam<\/strong><\/p><p>A large bottle holding 3 litres, the equivalent of 4 regular wine bottles.<\/p><h2>L<\/h2><p><strong>Limestone<\/strong><\/p><p>A sedimentary rock composed largely of the mineral calcite.<\/p><h2>M<\/h2><p><strong>Mating disruption<\/strong><\/p><p>It is a pest management technique designed to control certain insect pests by introducing artificial stimuli that confuse the individuals and disrupt mate localization and\/or courtship, thus preventing mating and blocking the reproductive cycle.<\/p><p><strong>Mouth<\/strong><\/p><p>The finish of the bottle that is small in proportion to the diameter of the body.<\/p><p><strong>Mouth-feel<\/strong><\/p><p>How a wine feels on the palate; it can be rough, smooth, velvety, or furry.<\/p><p><strong>Maceration<\/strong><\/p><p>This process, used primarily in making red wine, involves steeping grape skins and solids in wine after fermentation, when alcohol acts as a solvent to extract color, tannins and aroma from the skins (aided by heat, the amount of skin contact and time). Cold maceration (steeping when the must is not heated), takes place before fermentation.<\/p><p><strong>Manseng<\/strong><\/p><p>Appears as two clones, Gros Manseng and Petit Manseng, mainly to be found in the western regions of the Pyrenees area of southwest France. Used for producing both dry and sweet white wines.<\/p><p><strong>Maturation nf<\/strong><\/p><p>Quality decisive point in the annual growth cycle the grapevine to which the vintage he follows. It is the end of the maturity period between veraison (Start of ripening, where the berries begin to discolor) and grape ripeness. The period between blossom and Maturation is next climate and Weather also from the Maturity date (early to late) the vine dependent. The pre-V\u00e9raison green berries have a relatively high content acids which are degraded during maturation while the content of sugar increases.<\/p><p><strong>Maturity<\/strong><\/p><p>Fruit maturity of grapes is commonly monitored by periodically measuring soluble solids content of ripening berries with a handheld refractometer.<\/p><h2>O<\/h2><p><strong>Oaky<\/strong><\/p><p>Used to describe a wine that has been matured in barrels. It often appears alongside a toasted bread note in young Bordeaux wines that have been aged in barrels, and gradually transforms into vanilla, mocha, chocolate or coconut. Oaky aromas derive from the tannins in the barrels during the maturation process.<\/p><p><strong>\u0152nology<\/strong><\/p><p>is the science and study of wine and winemaking; distinct from viticulture, the agricultural endeavours of vine-growing and of grape-harvesting.<\/p><h2>P<\/h2><p><strong>Plough<\/strong><\/p><p>It is a tool or farm implement used for initial cultivation to loosen or turn the soil in preparation for sowing seed or planting.<\/p><p><strong>Plow<\/strong><\/p><p>An implement used to make furrows in and turn over the earth. Its essential parts are a share to break the ground, a moldboard to turn the soil, a beam by which to draw the implement and handles to guide it.<\/p><p><strong>Pressing<\/strong><\/p><p>In winemaking is the process where the juice is extracted from the grapes with the aid of a wine press, by hand, or even by the weight of the grape berries and clusters.<\/p><h2>S<\/h2><p><strong>Supple<\/strong><\/p><p>A supple wine is one that is soft, lush, velvety, and very attractively round and tasty. It is a highly desirable characteristic because it suggests that the wine is harmonious.<\/p><p><strong>Sarment<\/strong><\/p><p>A French term used to describe vine branches cut off during the year and collected after pruning. In Bordeaux these are used to barbecue meat (the classic \u2018entrec\u00f4te aux sarments\u2019). They may also be buried in the rows of vines to produce organic fertiliser, or ground and burnt.<\/p><p><strong>Racking<\/strong><\/p><p>The practice of moving wine from one container to another for aeration or clarification, leaving sediment behind.<\/p><p><strong>Residual sugar<\/strong><\/p><p>Unfermented grape sugar in a finished wine.<\/p><p><strong>Scrubland<\/strong><\/p><p>It is an area of land which is covered with low trees and bushes.<\/p><h2>T<\/h2><p><strong>Table de tri nf<\/strong><\/p><p>Tapis convoyeur sur lequel la vendange est d\u00e9vers\u00e9e \u00e0 son arriv\u00e9e dans le chai. Des trieurs \u00e9liminent tout ce qui est ind\u00e9sirable : raisin, ab\u00eem\u00e9s, pourris et verts, morceaux de sarments, feuilles et p\u00e9tioles.<\/p><p><strong>Terroir<\/strong><\/p><p>It is the set of all environmental factors that affect a crop&#8217;s phenotype, including unique environment contexts, farming practices and a crop&#8217;s specific growth habitat.<\/p><h2>V<\/h2><p><strong>Valley<\/strong><\/p><p>An elongated depression between uplands, hills, or mountains, especially one following the course of a stream.<\/p><p><strong>Veraison\/ Ripening<\/strong><\/p><p>It is a process in fruits that causes them to become more palatable. In general, fruit becomes sweeter, less green (typically &#8220;redder&#8221;), and softer as it ripens.<\/p><p><strong>Vertical wine tasting<\/strong><\/p><p>In a vertical tasting, different vintages of the same wine type from the same winery are tasted, such as a winery&#8217;s Pinot noir from five different years. This emphasizes differences between various vintages for a specific wine. In a horizontal tasting, the wines are all from the same vintage but are from different wineries or microclimates.<\/p><p><strong>Vinification<\/strong><\/p><p>The process of making grape juice into wine.<\/p><h2>W<\/h2><p><strong>Winery<\/strong><\/p><p>A wine-making establishment.<\/p><p><strong>Well-structured<\/strong><\/p><p>A wine is well-structured when it has a good constitution, with richness and tannins, in contrast to a watery, or thin wine. A well-structured wine usually has good bottle ageing potential.<\/p>\t\t\t\t\t\t\t\t<\/div>\n\t\t\t\t<\/div>\n\t\t\t\t\t<\/div>\n\t\t\t\t<\/div>\n\t\t\t\t<\/div>\n\t\t\t\t<\/div>\n\t\t\t\t\t<\/div>\n\t\t\t\t<\/div>\n\t\t\t\t<\/div>\n\t\t","protected":false},"excerpt":{"rendered":"<p>Glossary A Acidity A naturally occuring component of every wine; the level of perceived sharpness; a key element to a wine\u2019s longevity; a leading determinant of balance. Aging Holding wine in barrels, tanks, and bottles to advance them to a more desirable state. Alcoholic fermentation Also called primary fermentation, this is the process in which [&hellip;]<\/p>\n","protected":false},"author":7,"featured_media":0,"parent":0,"menu_order":0,"comment_status":"closed","ping_status":"open","template":"","meta":{"_acf_changed":false,"footnotes":""},"categories":[],"class_list":["post-210","page","type-page","status-publish","hentry"],"acf":[],"yoast_head":"<!-- This site is optimized with the Yoast SEO plugin v27.0 - https:\/\/yoast.com\/product\/yoast-seo-wordpress\/ -->\n<title>Glossary - Daumas Gassac<\/title>\n<meta name=\"robots\" content=\"index, follow, max-snippet:-1, max-image-preview:large, max-video-preview:-1\" \/>\n<link rel=\"canonical\" href=\"https:\/\/www.daumas-gassac.com\/en\/glossary\/\" \/>\n<meta property=\"og:locale\" content=\"en_US\" \/>\n<meta property=\"og:type\" content=\"article\" \/>\n<meta property=\"og:title\" content=\"Glossary - Daumas Gassac\" \/>\n<meta property=\"og:description\" content=\"Glossary A Acidity A naturally occuring component of every wine; the level of perceived sharpness; a key element to a wine\u2019s longevity; a leading determinant of balance. Aging Holding wine in barrels, tanks, and bottles to advance them to a more desirable state. Alcoholic fermentation Also called primary fermentation, this is the process in which [&hellip;]\" \/>\n<meta property=\"og:url\" content=\"https:\/\/www.daumas-gassac.com\/en\/glossary\/\" \/>\n<meta property=\"og:site_name\" content=\"Daumas Gassac\" \/>\n<meta property=\"article:modified_time\" content=\"2024-03-12T14:45:54+00:00\" \/>\n<meta name=\"twitter:card\" content=\"summary_large_image\" \/>\n<meta name=\"twitter:label1\" content=\"Est. reading time\" \/>\n\t<meta name=\"twitter:data1\" content=\"7 minutes\" \/>\n<script type=\"application\/ld+json\" class=\"yoast-schema-graph\">{\"@context\":\"https:\/\/schema.org\",\"@graph\":[{\"@type\":\"WebPage\",\"@id\":\"https:\/\/www.daumas-gassac.com\/en\/glossary\/\",\"url\":\"https:\/\/www.daumas-gassac.com\/en\/glossary\/\",\"name\":\"Glossary - Daumas Gassac\",\"isPartOf\":{\"@id\":\"https:\/\/www.daumas-gassac.com\/en\/#website\"},\"datePublished\":\"2019-06-28T08:19:49+00:00\",\"dateModified\":\"2024-03-12T14:45:54+00:00\",\"breadcrumb\":{\"@id\":\"https:\/\/www.daumas-gassac.com\/en\/glossary\/#breadcrumb\"},\"inLanguage\":\"en-US\",\"potentialAction\":[{\"@type\":\"ReadAction\",\"target\":[\"https:\/\/www.daumas-gassac.com\/en\/glossary\/\"]}]},{\"@type\":\"BreadcrumbList\",\"@id\":\"https:\/\/www.daumas-gassac.com\/en\/glossary\/#breadcrumb\",\"itemListElement\":[{\"@type\":\"ListItem\",\"position\":1,\"name\":\"Home\",\"item\":\"https:\/\/www.daumas-gassac.com\/en\/\"},{\"@type\":\"ListItem\",\"position\":2,\"name\":\"Glossary\"}]},{\"@type\":\"WebSite\",\"@id\":\"https:\/\/www.daumas-gassac.com\/en\/#website\",\"url\":\"https:\/\/www.daumas-gassac.com\/en\/\",\"name\":\"Daumas Gassac\",\"description\":\"\",\"potentialAction\":[{\"@type\":\"SearchAction\",\"target\":{\"@type\":\"EntryPoint\",\"urlTemplate\":\"https:\/\/www.daumas-gassac.com\/en\/?s={search_term_string}\"},\"query-input\":{\"@type\":\"PropertyValueSpecification\",\"valueRequired\":true,\"valueName\":\"search_term_string\"}}],\"inLanguage\":\"en-US\"}]}<\/script>\n<!-- \/ Yoast SEO plugin. -->","yoast_head_json":{"title":"Glossary - Daumas Gassac","robots":{"index":"index","follow":"follow","max-snippet":"max-snippet:-1","max-image-preview":"max-image-preview:large","max-video-preview":"max-video-preview:-1"},"canonical":"https:\/\/www.daumas-gassac.com\/en\/glossary\/","og_locale":"en_US","og_type":"article","og_title":"Glossary - Daumas Gassac","og_description":"Glossary A Acidity A naturally occuring component of every wine; the level of perceived sharpness; a key element to a wine\u2019s longevity; a leading determinant of balance. Aging Holding wine in barrels, tanks, and bottles to advance them to a more desirable state. Alcoholic fermentation Also called primary fermentation, this is the process in which [&hellip;]","og_url":"https:\/\/www.daumas-gassac.com\/en\/glossary\/","og_site_name":"Daumas Gassac","article_modified_time":"2024-03-12T14:45:54+00:00","twitter_card":"summary_large_image","twitter_misc":{"Est. reading time":"7 minutes"},"schema":{"@context":"https:\/\/schema.org","@graph":[{"@type":"WebPage","@id":"https:\/\/www.daumas-gassac.com\/en\/glossary\/","url":"https:\/\/www.daumas-gassac.com\/en\/glossary\/","name":"Glossary - Daumas Gassac","isPartOf":{"@id":"https:\/\/www.daumas-gassac.com\/en\/#website"},"datePublished":"2019-06-28T08:19:49+00:00","dateModified":"2024-03-12T14:45:54+00:00","breadcrumb":{"@id":"https:\/\/www.daumas-gassac.com\/en\/glossary\/#breadcrumb"},"inLanguage":"en-US","potentialAction":[{"@type":"ReadAction","target":["https:\/\/www.daumas-gassac.com\/en\/glossary\/"]}]},{"@type":"BreadcrumbList","@id":"https:\/\/www.daumas-gassac.com\/en\/glossary\/#breadcrumb","itemListElement":[{"@type":"ListItem","position":1,"name":"Home","item":"https:\/\/www.daumas-gassac.com\/en\/"},{"@type":"ListItem","position":2,"name":"Glossary"}]},{"@type":"WebSite","@id":"https:\/\/www.daumas-gassac.com\/en\/#website","url":"https:\/\/www.daumas-gassac.com\/en\/","name":"Daumas Gassac","description":"","potentialAction":[{"@type":"SearchAction","target":{"@type":"EntryPoint","urlTemplate":"https:\/\/www.daumas-gassac.com\/en\/?s={search_term_string}"},"query-input":{"@type":"PropertyValueSpecification","valueRequired":true,"valueName":"search_term_string"}}],"inLanguage":"en-US"}]}},"_links":{"self":[{"href":"https:\/\/www.daumas-gassac.com\/en\/wp-json\/wp\/v2\/pages\/210","targetHints":{"allow":["GET"]}}],"collection":[{"href":"https:\/\/www.daumas-gassac.com\/en\/wp-json\/wp\/v2\/pages"}],"about":[{"href":"https:\/\/www.daumas-gassac.com\/en\/wp-json\/wp\/v2\/types\/page"}],"author":[{"embeddable":true,"href":"https:\/\/www.daumas-gassac.com\/en\/wp-json\/wp\/v2\/users\/7"}],"replies":[{"embeddable":true,"href":"https:\/\/www.daumas-gassac.com\/en\/wp-json\/wp\/v2\/comments?post=210"}],"version-history":[{"count":7,"href":"https:\/\/www.daumas-gassac.com\/en\/wp-json\/wp\/v2\/pages\/210\/revisions"}],"predecessor-version":[{"id":37100,"href":"https:\/\/www.daumas-gassac.com\/en\/wp-json\/wp\/v2\/pages\/210\/revisions\/37100"}],"wp:attachment":[{"href":"https:\/\/www.daumas-gassac.com\/en\/wp-json\/wp\/v2\/media?parent=210"}],"wp:term":[{"taxonomy":"category","embeddable":true,"href":"https:\/\/www.daumas-gassac.com\/en\/wp-json\/wp\/v2\/categories?post=210"}],"curies":[{"name":"wp","href":"https:\/\/api.w.org\/{rel}","templated":true}]}}